{"id":10089,"date":"2013-12-18T02:13:36","date_gmt":"2013-12-18T01:13:36","guid":{"rendered":"https:\/\/www.cejoanmiro.cat\/avis-legal\/"},"modified":"2021-09-16T21:31:32","modified_gmt":"2021-09-16T19:31:32","slug":"aviso-legal","status":"publish","type":"page","link":"https:\/\/www.cejoanmiro.cat\/es\/aviso-legal\/","title":{"rendered":"Av\u00eds legal"},"content":{"rendered":"<p>[et_pb_section fb_built=\u00bb1&#8243; _builder_version=\u00bb4.10.7&#8243; hover_enabled=\u00bb0&#8243; global_colors_info=\u00bb{}\u00bb background_color=\u00bb#000000&#8243; sticky_enabled=\u00bb0&#8243;][et_pb_row _builder_version=\u00bb3.25&#8243; background_size=\u00bbinitial\u00bb background_position=\u00bbtop_left\u00bb background_repeat=\u00bbrepeat\u00bb global_colors_info=\u00bb{}\u00bb][et_pb_column type=\u00bb4_4&#8243; _builder_version=\u00bb3.25&#8243; custom_padding=\u00bb|||\u00bb global_colors_info=\u00bb{}\u00bb custom_padding__hover=\u00bb|||\u00bb][et_pb_text _builder_version=\u00bb4.10.7&#8243; background_size=\u00bbinitial\u00bb background_position=\u00bbtop_left\u00bb background_repeat=\u00bbrepeat\u00bb hover_enabled=\u00bb0&#8243; global_colors_info=\u00bb{}\u00bb sticky_enabled=\u00bb0&#8243; background_layout=\u00bbdark\u00bb]<\/p>\n<h1>Av\u00eds legal<\/h1>\n<h3>Informaci\u00f3 general<\/h3>\n<p>En compliment del que es disposa en l&#8217;article 10 de la Llei 34\/2002, d&#8217;11 de Juliol, de Serveis de la Societat de la Informaci\u00f3 i Comer\u00e7 Electr\u00f2nic (LSSICE), posem a la seva disposici\u00f3 la \u201cinformaci\u00f3 general\u201d, que compr\u00e8n les dades identificatives de l&#8217;entitat titular d&#8217;aquest lloc web:<\/p>\n<p><strong>Identitat: CEM JOAN MIR\u00d3 <\/strong><br \/><strong>NIF: G-62074950<\/strong><br \/><strong>Dir. postal: Diputaci\u00f3 17 (08015 Barcelona)<\/strong><br \/><strong>Contacte: <a href=\"mailto:info@cejoanmiro.cat\">info@cejoanmiro.cat<\/a><\/strong><\/p>\n<p>CEM JOAN MIR\u00d3, societat inscrita en el Registre Mercantil de Barcelona al Tomo &#8230;, foli &#8230;, full n\u00famero &#8230;, inscripci\u00f3 &#8230;<\/p>\n<p><span style=\"line-height: 1.5em;\">Aquests llocs d&#8217;Internet (denominats d&#8217;ara endavant \u00abLloc\u00bb), ofereixen serveis i informacions dels centres gestionats per Centre Esporti\u00fa Joan Mir\u00f3, de la propia Centre Esporti\u00fa Joan Mir\u00f3 i esdeveniments esportius que organitza.<\/span><\/p>\n<p>Tots els serveis s\u00f3n prestats a la teva persona i accedeixes al Lloc i a ells a trav\u00e9s d&#8217;Internet mitjan\u00e7ant l&#8217;\u00fas del dispositiu i sistema operatiu de la teva pr\u00f2pia elecci\u00f3: ordinador fix o port\u00e0til, tel\u00e8fon m\u00f2bil, tableta, consola i altres dispositius disponibles al mercat.<\/p>\n<h4>1. Drets de propietat intel\u00b7lectual i industrial<\/h4>\n<p>Tots els continguts que incorpora o mostra el Lloc, incloent els logotips, marques comercials, textos, gr\u00e0fics, fotografies, imatges, imatges en moviment, so i il\u00b7lustracions, s\u00f3n propietat de Centre Esporti\u00fa Joan Mir\u00f3 i estan protegits pels drets d&#8217;autor de la legislaci\u00f3 espanyola i altres lleis.<\/p>\n<p>La reproducci\u00f3, distribuci\u00f3 o comunicaci\u00f3 p\u00fablica del Lloc, de qualsevol de les seves parts o del Programari \u00e9s contr\u00e0ria a la Llei de Propietat Intel\u00b7lectual espanyola i pot implicar sancions civils i penals.<\/p>\n<p>La desc\u00e0rrega i reproducci\u00f3 digital d&#8217;altres continguts del Lloc o de parts d&#8217;aquest, nom\u00e9s estan permeses per a \u00fas personal, no comercial, llevat que s&#8217;acordi altra finalitat amb Centre Esporti\u00fa Joan Mir\u00f3.<\/p>\n<h4>2. Exclusi\u00f3 de responsabilitat<\/h4>\n<p>La informaci\u00f3 i serveis en el Lloc es proporcionen sense cap garantia expressa o impl\u00edcita de la seva exactitud o integritat. Centre Esporti\u00fa Joan Mir\u00f3 tamb\u00e9 t\u00e9 el dret de modificar, suspendre o retirar els continguts o serveis de qualsevol dels productes descrits en el Lloc en qualsevol moment i sense previ av\u00eds.<\/p>\n<p>En cas que consideris que al Lloc existeix qualsevol contingut il\u00b7l\u00edcit o que infringeixi drets, continguts subjectes a drets d&#8217;autor que no han estat autoritzats per comunicar, falses atribucions d&#8217;autoria, o que atempti contra l&#8217;honor i la intimitat de les persones o infraccions de marques protegides, entre altres, pots informar: comunicacio@cejoanmiro.cat<\/p>\n<p>En l&#8217;escrit haur\u00e0 de constar la refer\u00e8ncia \u00abContinguts infractors o il\u00b7l\u00edcits\u00bb i contenir la seg\u00fcent informaci\u00f3:<br \/>\u00b7 Nom, cognoms, DNI i les dades de contacte<br \/>\u00b7 El contingut o continguts del lloc que consideris infractor de drets o il\u00b7l\u00edcit<br \/>\u00b7 El motiu pel qual consideres que aquest contingut \u00e9s il\u00b7l\u00edcit, aix\u00ed com els drets infringits i qui \u00e9s responsable<br \/>\u00b7 Una declaraci\u00f3 en qu\u00e8 et fas responsable de la veracitat d&#8217;aquesta comunicaci\u00f3<\/p>\n<p>Centre Esporti\u00fa Joan Mir\u00f3 no es fa responsable de les comunicacions entre Centre Esporti\u00fa Joan Mir\u00f3 i la teva persona. A m\u00e9s, si s&#8217;estableixen vincles a un lloc web de tercers, Centre Esporti\u00fa Joan Mir\u00f3 tampoc es fa responsable del contingut d&#8217;aquestes p\u00e0gines web de tercers.<\/p>\n<p>Centre Esporti\u00fa Joan Mir\u00f3 no pot, en cap cas, ser responsable per danys i perjudicis de qualsevol \u00fas del Lloc, incloent errors de funcionament o p\u00e8rdues similars.<\/p>\n<h4>3. Les comunicacions de l&#8217;usuari<\/h4>\n<p>Tots els materials, informaci\u00f3ns o altres comunicacions facilitades i\/o publicades per la teva persona en el Lloc es consideraran no confidencials i no exclusius, i no et donen dret a cap tipus de reemborsament ni a altres c\u00e0nons. Centre Esporti\u00fa Joan Mir\u00f3 pot utilitzar aquests materials, informaci\u00f3, etc, de forma gratu\u00efta, fins i tot per a la concessi\u00f3 de llic\u00e8ncia per a l&#8217;explotaci\u00f3 dels mateixos, encara que amb el respecte de la teva privacitat. Per m\u00e9s detalls, consulta l&#8217;apartat 5.<\/p>\n<h4>4. Mal \u00fas<\/h4>\n<p>No es pot fer servir el lloc per publicar o transmetre qualsevol material que sigui o pugui ser il\u00b7legal, amena\u00e7ador, engany\u00f3s, subversiu, difamatori, obsc\u00e8, abusiu, discriminatori o que pugui donar lloc a responsabilitat civil o violar qualsevol llei.<\/p>\n<p>Tamb\u00e9 es prohibeix utilitzar el Lloc per anunciar o realitzar qualsevol activitat comercial.<\/p>\n<h4>5. Diversos<\/h4>\n<p>Ens reservem el dret a revisar aquests termes i condicions en qualsevol moment. \u00c9s possible que vulguis visitar peri\u00f2dicament aquesta p\u00e0gina per estar al dia de possibles actualitzacions.<\/p>\n<p>Centre Esporti\u00fa Joan Mir\u00f3 es reserva el dret, a la seva pr\u00f2pia discreci\u00f3 i sense previ av\u00eds, per eliminar la informaci\u00f3 del lloc i per suspendre el Lloc.<\/p>\n<h4>6. Nul\u00b7litat<\/h4>\n<p>Si una part d&#8217;aquests termes i condicions fos considerada il\u00b7legal o no v\u00e0lida i, per tant, no exigible, aix\u00f2 no afectar\u00e0 la validesa i el compliment de la resta dels termes i condicions.<\/p>\n<p>[\/et_pb_text][\/et_pb_column][\/et_pb_row][\/et_pb_section]<\/p>\n","protected":false},"excerpt":{"rendered":"<p>Av\u00eds legal Informaci\u00f3 general En compliment del que es disposa en l&#8217;article 10 de la Llei 34\/2002, d&#8217;11 de Juliol, de Serveis de la Societat de la Informaci\u00f3 i Comer\u00e7 Electr\u00f2nic (LSSICE), posem a la seva disposici\u00f3 la \u201cinformaci\u00f3 general\u201d, que compr\u00e8n les dades identificatives de l&#8217;entitat titular d&#8217;aquest lloc web: Identitat: CEM JOAN MIR\u00d3 [&hellip;]<\/p>\n","protected":false},"author":2,"featured_media":0,"parent":0,"menu_order":0,"comment_status":"closed","ping_status":"open","template":"","meta":{"_et_pb_use_builder":"on","_et_pb_old_content":"","_et_gb_content_width":"","footnotes":""},"class_list":["post-10089","page","type-page","status-publish","hentry"],"yoast_head":"<!-- This site is optimized with the Yoast SEO plugin v25.2 - https:\/\/yoast.com\/wordpress\/plugins\/seo\/ -->\n<title>Av\u00eds legal - CEM Joan Mir\u00f3<\/title>\n<meta name=\"robots\" content=\"index, follow, max-snippet:-1, max-image-preview:large, max-video-preview:-1\" \/>\n<link rel=\"canonical\" href=\"https:\/\/www.cejoanmiro.cat\/es\/aviso-legal\/\" \/>\n<meta property=\"og:locale\" content=\"es_ES\" \/>\n<meta property=\"og:type\" content=\"article\" \/>\n<meta property=\"og:title\" content=\"Av\u00eds legal - CEM Joan Mir\u00f3\" \/>\n<meta property=\"og:description\" content=\"Av\u00eds legal Informaci\u00f3 general En compliment del que es disposa en l&#039;article 10 de la Llei 34\/2002, d&#039;11 de Juliol, de Serveis de la Societat de la Informaci\u00f3 i Comer\u00e7 Electr\u00f2nic (LSSICE), posem a la seva disposici\u00f3 la \u201cinformaci\u00f3 general\u201d, que compr\u00e8n les dades identificatives de l&#039;entitat titular d&#039;aquest lloc web: Identitat: CEM JOAN MIR\u00d3 [&hellip;]\" \/>\n<meta property=\"og:url\" content=\"https:\/\/www.cejoanmiro.cat\/es\/aviso-legal\/\" \/>\n<meta property=\"og:site_name\" content=\"CEM Joan Mir\u00f3\" \/>\n<meta property=\"article:publisher\" content=\"https:\/\/facebook.com\/cejoanmiro\" \/>\n<meta property=\"article:modified_time\" content=\"2021-09-16T19:31:32+00:00\" \/>\n<meta name=\"twitter:card\" content=\"summary_large_image\" \/>\n<meta name=\"twitter:site\" content=\"@cejoanmiro\" \/>\n<meta name=\"twitter:label1\" content=\"Tiempo de lectura\" \/>\n\t<meta name=\"twitter:data1\" content=\"4 minutos\" \/>\n<script type=\"application\/ld+json\" class=\"yoast-schema-graph\">{\"@context\":\"https:\/\/schema.org\",\"@graph\":[{\"@type\":\"WebPage\",\"@id\":\"https:\/\/www.cejoanmiro.cat\/es\/aviso-legal\/\",\"url\":\"https:\/\/www.cejoanmiro.cat\/es\/aviso-legal\/\",\"name\":\"Av\u00eds legal - CEM Joan Mir\u00f3\",\"isPartOf\":{\"@id\":\"https:\/\/www.cejoanmiro.cat\/es\/#website\"},\"datePublished\":\"2013-12-18T01:13:36+00:00\",\"dateModified\":\"2021-09-16T19:31:32+00:00\",\"breadcrumb\":{\"@id\":\"https:\/\/www.cejoanmiro.cat\/es\/aviso-legal\/#breadcrumb\"},\"inLanguage\":\"es\",\"potentialAction\":[{\"@type\":\"ReadAction\",\"target\":[\"https:\/\/www.cejoanmiro.cat\/es\/aviso-legal\/\"]}]},{\"@type\":\"BreadcrumbList\",\"@id\":\"https:\/\/www.cejoanmiro.cat\/es\/aviso-legal\/#breadcrumb\",\"itemListElement\":[{\"@type\":\"ListItem\",\"position\":1,\"name\":\"Inici\",\"item\":\"https:\/\/www.cejoanmiro.cat\/es\/home-3\/\"},{\"@type\":\"ListItem\",\"position\":2,\"name\":\"Av\u00eds legal\"}]},{\"@type\":\"WebSite\",\"@id\":\"https:\/\/www.cejoanmiro.cat\/es\/#website\",\"url\":\"https:\/\/www.cejoanmiro.cat\/es\/\",\"name\":\"CEM Joan Mir\u00f3\",\"description\":\"El teu gimn\u00e0s a Barcelona\",\"publisher\":{\"@id\":\"https:\/\/www.cejoanmiro.cat\/es\/#organization\"},\"potentialAction\":[{\"@type\":\"SearchAction\",\"target\":{\"@type\":\"EntryPoint\",\"urlTemplate\":\"https:\/\/www.cejoanmiro.cat\/es\/?s={search_term_string}\"},\"query-input\":{\"@type\":\"PropertyValueSpecification\",\"valueRequired\":true,\"valueName\":\"search_term_string\"}}],\"inLanguage\":\"es\"},{\"@type\":\"Organization\",\"@id\":\"https:\/\/www.cejoanmiro.cat\/es\/#organization\",\"name\":\"CEM Joan Mir\u00f3\",\"url\":\"https:\/\/www.cejoanmiro.cat\/es\/\",\"logo\":{\"@type\":\"ImageObject\",\"inLanguage\":\"es\",\"@id\":\"https:\/\/www.cejoanmiro.cat\/es\/#\/schema\/logo\/image\/\",\"url\":\"https:\/\/www.cejoanmiro.cat\/wp-content\/uploads\/2021\/09\/Icono_cemJoanMiro.png\",\"contentUrl\":\"https:\/\/www.cejoanmiro.cat\/wp-content\/uploads\/2021\/09\/Icono_cemJoanMiro.png\",\"width\":512,\"height\":512,\"caption\":\"CEM Joan Mir\u00f3\"},\"image\":{\"@id\":\"https:\/\/www.cejoanmiro.cat\/es\/#\/schema\/logo\/image\/\"},\"sameAs\":[\"https:\/\/facebook.com\/cejoanmiro\",\"https:\/\/x.com\/cejoanmiro\",\"https:\/\/www.instagram.com\/cemjoanmiro\/\"]}]}<\/script>\n<!-- \/ Yoast SEO plugin. -->","yoast_head_json":{"title":"Av\u00eds legal - CEM Joan Mir\u00f3","robots":{"index":"index","follow":"follow","max-snippet":"max-snippet:-1","max-image-preview":"max-image-preview:large","max-video-preview":"max-video-preview:-1"},"canonical":"https:\/\/www.cejoanmiro.cat\/es\/aviso-legal\/","og_locale":"es_ES","og_type":"article","og_title":"Av\u00eds legal - CEM Joan Mir\u00f3","og_description":"Av\u00eds legal Informaci\u00f3 general En compliment del que es disposa en l'article 10 de la Llei 34\/2002, d'11 de Juliol, de Serveis de la Societat de la Informaci\u00f3 i Comer\u00e7 Electr\u00f2nic (LSSICE), posem a la seva disposici\u00f3 la \u201cinformaci\u00f3 general\u201d, que compr\u00e8n les dades identificatives de l'entitat titular d'aquest lloc web: Identitat: CEM JOAN MIR\u00d3 [&hellip;]","og_url":"https:\/\/www.cejoanmiro.cat\/es\/aviso-legal\/","og_site_name":"CEM Joan Mir\u00f3","article_publisher":"https:\/\/facebook.com\/cejoanmiro","article_modified_time":"2021-09-16T19:31:32+00:00","twitter_card":"summary_large_image","twitter_site":"@cejoanmiro","twitter_misc":{"Tiempo de lectura":"4 minutos"},"schema":{"@context":"https:\/\/schema.org","@graph":[{"@type":"WebPage","@id":"https:\/\/www.cejoanmiro.cat\/es\/aviso-legal\/","url":"https:\/\/www.cejoanmiro.cat\/es\/aviso-legal\/","name":"Av\u00eds legal - CEM Joan Mir\u00f3","isPartOf":{"@id":"https:\/\/www.cejoanmiro.cat\/es\/#website"},"datePublished":"2013-12-18T01:13:36+00:00","dateModified":"2021-09-16T19:31:32+00:00","breadcrumb":{"@id":"https:\/\/www.cejoanmiro.cat\/es\/aviso-legal\/#breadcrumb"},"inLanguage":"es","potentialAction":[{"@type":"ReadAction","target":["https:\/\/www.cejoanmiro.cat\/es\/aviso-legal\/"]}]},{"@type":"BreadcrumbList","@id":"https:\/\/www.cejoanmiro.cat\/es\/aviso-legal\/#breadcrumb","itemListElement":[{"@type":"ListItem","position":1,"name":"Inici","item":"https:\/\/www.cejoanmiro.cat\/es\/home-3\/"},{"@type":"ListItem","position":2,"name":"Av\u00eds legal"}]},{"@type":"WebSite","@id":"https:\/\/www.cejoanmiro.cat\/es\/#website","url":"https:\/\/www.cejoanmiro.cat\/es\/","name":"CEM Joan Mir\u00f3","description":"El teu gimn\u00e0s a Barcelona","publisher":{"@id":"https:\/\/www.cejoanmiro.cat\/es\/#organization"},"potentialAction":[{"@type":"SearchAction","target":{"@type":"EntryPoint","urlTemplate":"https:\/\/www.cejoanmiro.cat\/es\/?s={search_term_string}"},"query-input":{"@type":"PropertyValueSpecification","valueRequired":true,"valueName":"search_term_string"}}],"inLanguage":"es"},{"@type":"Organization","@id":"https:\/\/www.cejoanmiro.cat\/es\/#organization","name":"CEM Joan Mir\u00f3","url":"https:\/\/www.cejoanmiro.cat\/es\/","logo":{"@type":"ImageObject","inLanguage":"es","@id":"https:\/\/www.cejoanmiro.cat\/es\/#\/schema\/logo\/image\/","url":"https:\/\/www.cejoanmiro.cat\/wp-content\/uploads\/2021\/09\/Icono_cemJoanMiro.png","contentUrl":"https:\/\/www.cejoanmiro.cat\/wp-content\/uploads\/2021\/09\/Icono_cemJoanMiro.png","width":512,"height":512,"caption":"CEM Joan Mir\u00f3"},"image":{"@id":"https:\/\/www.cejoanmiro.cat\/es\/#\/schema\/logo\/image\/"},"sameAs":["https:\/\/facebook.com\/cejoanmiro","https:\/\/x.com\/cejoanmiro","https:\/\/www.instagram.com\/cemjoanmiro\/"]}]}},"_links":{"self":[{"href":"https:\/\/www.cejoanmiro.cat\/es\/wp-json\/wp\/v2\/pages\/10089","targetHints":{"allow":["GET"]}}],"collection":[{"href":"https:\/\/www.cejoanmiro.cat\/es\/wp-json\/wp\/v2\/pages"}],"about":[{"href":"https:\/\/www.cejoanmiro.cat\/es\/wp-json\/wp\/v2\/types\/page"}],"author":[{"embeddable":true,"href":"https:\/\/www.cejoanmiro.cat\/es\/wp-json\/wp\/v2\/users\/2"}],"replies":[{"embeddable":true,"href":"https:\/\/www.cejoanmiro.cat\/es\/wp-json\/wp\/v2\/comments?post=10089"}],"version-history":[{"count":0,"href":"https:\/\/www.cejoanmiro.cat\/es\/wp-json\/wp\/v2\/pages\/10089\/revisions"}],"wp:attachment":[{"href":"https:\/\/www.cejoanmiro.cat\/es\/wp-json\/wp\/v2\/media?parent=10089"}],"curies":[{"name":"wp","href":"https:\/\/api.w.org\/{rel}","templated":true}]}}