{"id":12088,"date":"2013-12-18T02:16:42","date_gmt":"2013-12-18T01:16:42","guid":{"rendered":"https:\/\/www.cejoanmiro.cat\/politica-de-vendes\/"},"modified":"2021-09-16T21:36:25","modified_gmt":"2021-09-16T19:36:25","slug":"politica-de-ventas","status":"publish","type":"page","link":"https:\/\/www.cejoanmiro.cat\/es\/politica-de-ventas\/","title":{"rendered":"Pol\u00edtica de vendes"},"content":{"rendered":"<p>[et_pb_section fb_built=\u00bb1&#8243; _builder_version=\u00bb4.10.7&#8243; _module_preset=\u00bbdefault\u00bb background_color=\u00bb#000000&#8243; global_colors_info=\u00bb{}\u00bb][et_pb_row _builder_version=\u00bb4.10.7&#8243; _module_preset=\u00bbdefault\u00bb global_colors_info=\u00bb{}\u00bb][et_pb_column type=\u00bb4_4&#8243; _builder_version=\u00bb4.10.7&#8243; _module_preset=\u00bbdefault\u00bb global_colors_info=\u00bb{}\u00bb][et_pb_text _builder_version=\u00bb4.10.7&#8243; _module_preset=\u00bbdefault\u00bb ul_font_size=\u00bb13px\u00bb ul_line_height=\u00bb1.2em\u00bb header_font=\u00bbRoboto|900||on|||||\u00bb header_font_size=\u00bb40px\u00bb header_4_font=\u00bbRoboto|700||on|||||\u00bb header_4_text_color=\u00bb#009DE0&#8243; background_layout=\u00bbdark\u00bb hover_enabled=\u00bb0&#8243; global_colors_info=\u00bb{}\u00bb sticky_enabled=\u00bb0&#8243;]<\/p>\n<h1 class=\"p1\">Condiciones de contrataci\u00f3n, ventas y devoluciones de CEM Joan Miro<\/h1>\n<p class=\"p1\">Las presentes Condiciones Generales se establecen entre:<\/p>\n<ol>\n<li class=\"p1\">Por una parte, la Sociedad ASOCIACI\u00d3 ESPORTIVA CENTRAL, gestora de CEM Joan Mir\u00f3, con domicilio fiscal en C\/ Diputaci\u00f3 17, 08015 &#8211; Barcelona, y CIF G62074950 (en adelante, CEM JOAN MIRO).<\/li>\n<li class=\"p1\">Y, por otra parte, la persona f\u00edsica que realice una solicitud de contrataci\u00f3n (en adelante, el CLIENTE).<\/li>\n<\/ol>\n<p class=\"p1\">Las presentes condiciones de contrataci\u00f3n (en adelante tambi\u00e9n referidas como \u00abcondiciones de inscripci\u00f3n on-line del alta\u00bb) regulan la contrataci\u00f3n on-line para inscribirse como cliente (en adelante, \u00abcliente\u00bb y\/o \u00abusuario\u00bb) en CEM JOAN MIRO, o para comprar o hacer reservas en la presente web.<\/p>\n<p class=\"p1\">La aceptaci\u00f3n de las presentes condiciones por parte del cliente es condici\u00f3n previa indispensable y obligatoria para que se pueda inscribir on-line como cliente, o para que pueda comprar o reservar plazas, junto con la aceptaci\u00f3n de la pol\u00edtica de privacidad; (todas ellas referidas conjuntamente como \u00abcondiciones\u00bb).<\/p>\n<p class=\"p1\">Las condiciones validas aplicables son las que figuran publicadas en cada momento en la Web, y a las que en todo momento el usuario puede acceder libre y gratuitamente y almacenarlas, imprimirlas y\/o reproducirlas desde su ordenador, de un modo f\u00e1cil, permanente y directo.<\/p>\n<h4 class=\"p1\">Informaci\u00f3n sobre la contrataci\u00f3n on-line del alta<\/h4>\n<p class=\"p1\">Solo pueden contratar on-line el alta como cliente los mayores de edad con capacidad suficiente para celebrar contratos. CEM JOAN MIRO se reserva la facultad de realizar dicha comprobaci\u00f3n y de exigir la firma de autorizaci\u00f3n para la inscripci\u00f3n del menor de edad por parte de los progenitores o tutores legales. La duraci\u00f3n de la contrataci\u00f3n como cliente cubre el periodo por el cu\u00e1l satisface el recibo y se prorroga indefinidamente por periodos sucesivos iguales, salvo que el cliente cause baja siguiendo los requisitos exigidos al efecto en las condiciones generales de inscripci\u00f3n.<\/p>\n<p class=\"p1\">El pago de la cuota ser\u00e1 con la periodicidad contratada (mensual). El pago de las compras o reservas hechas en esta Web se har\u00e1 mediante tarjeta bancaria VISA o MASTER CARD.<\/p>\n<p class=\"p1\">Todos los recibos posteriores al primer pago se domiciliar\u00e1n por el banco. Por ello es necesario que nos facilite los datos de su cuenta bancaria IBAN en la que domiciliar los recibos.<\/p>\n<p class=\"p1\">Una vez que el cliente ha realizado el alta on-line, deber\u00e1 acudir a la recepci\u00f3n del CEM Joan Mir\u00f3 para finalizar los tr\u00e1mites complementarios que le permitan el acceso a las instalaciones desde el mismo d\u00eda del alta on-line como a t\u00edtulo de ejemplo pueden ser: para configurarle el acceso, hacer entrega de la pulsera o para la firma del documento de autorizaci\u00f3n de domiciliaci\u00f3n bancaria.<\/p>\n<h4 class=\"p1\">Qui\u00e9n puede contratar, comprar o hacer reservas? Qu\u00e9 declaraciones y responsabilidades asume?<\/h4>\n<p class=\"p1\">La contrataci\u00f3n on-line se destina a consumidores finales residentes en el territorio espa\u00f1ol, para el consumo propio del cliente o de las personas en nombre de las que el cliente ha sido legalmente autorizado para actuar, seg\u00fan se establece en el Real Decreto Legislativo 1\/2007, de 16 de noviembre, por el que se aprueba el texto refundido de la Ley General para la Defensa de los Consumidores y Usuarios y otras leyes complementarias. Por tanto, se excluye la contrataci\u00f3n para no consumidores finales. En consecuencia, queda totalmente prohibida la reventa o cesi\u00f3n de los servicios contratados a trav\u00e9s de la web. Igualmente, la posici\u00f3n que ocupa el usuario en el contrato electr\u00f3nico de alta on-line como cliente no se podr\u00e1 ceder ni transmitir, ni total ni parcialmente, a un tercero sin el consentimiento previo de CEM JOAN MIR\u00d3. El cliente que contrata on-line el alta como cliente asume y acepta en este momento que:<\/p>\n<ul>\n<li class=\"p1\">La contrataci\u00f3n la hace libremente, y previa y debidamente informado de las condiciones<\/li>\n<li class=\"p1\">Declara ser mayor de edad y disponer de la capacidad jur\u00eddica suficiente para vincularse por las condiciones al contratar de forma on-line<\/li>\n<li class=\"p1\">Declara y asume, bajo su \u00fanica responsabilidad, que sus condiciones f\u00edsicas y de salud son aptas para realizar actividades f\u00edsicas y\/o deportivas<\/li>\n<li class=\"p1\">Conoce y acepta todas las condiciones y se compromete a respetarlas, sabiendo que el incumplimiento de las mismas comporta, en consecuencia, la baja como cliente<\/li>\n<li class=\"p1\">Acepta, de forma expresa y sin excepciones desde la libertad y la autonom\u00eda de su voluntad, que el acceso a la web y su utilizaci\u00f3n est\u00e1n bajo su responsabilidad y que se hace responsable del cumplimiento de los compromisos asumidos en el\/los contrato\/s electr\u00f3nico\/s que suscribe.<\/li>\n<\/ul>\n<h4 class=\"p1\">\u00bfC\u00f3mo se puede contratar on-line el alta?<\/h4>\n<p class=\"p1\">Si se quiere contratar on-line el alta como cliente debe, es preciso rellenar el formulario con la informaci\u00f3n que sea requerida. Si se facilita informaci\u00f3n err\u00f3nea o falsa respecto del usuario que se quiere dar de alta como Cliente, CEM JOAN MIR\u00d3 se reserva la facultad de resolver el Contrato, toda vez que se ha basado en unos datos err\u00f3neos o falsos.<\/p>\n<p class=\"p1\">El acceso y uso de la web es completamente libre y gratuito para los usuarios. El usuario que desee contratar on-line el alta como cliente, adem\u00e1s de conocer y aceptar las condiciones, deber\u00e1 rellenar el formulario de alta on-line que se incorpora al efecto en el proceso de contrataci\u00f3n on-line. Los datos personales solicitados en este formulario, as\u00ed como cualquier otro dato solicitado durante el proceso de contrataci\u00f3n on-line est\u00e1n sujetos a la normativa sobre protecci\u00f3n de datos de car\u00e1cter personal y sobre servicios de la sociedad de la informaci\u00f3n y de comercio electr\u00f3nico.<\/p>\n<h4 class=\"p1\">Derecho de desistimiento<\/h4>\n<p class=\"p1\">Si una vez recibida por el cliente la confirmaci\u00f3n de que es cliente mediante el env\u00edo de un acuse de recibo por correo electr\u00f3nico a la direcci\u00f3n que el usuario haya indicado, el cliente quiere desistir de la contrataci\u00f3n sin necesidad de justificaci\u00f3n, tiene derecho a realizarlo en un plazo de hasta los catorce (14) d\u00edas naturales siguientes a la recepci\u00f3n de la citada confirmaci\u00f3n.<\/p>\n<p class=\"p1\">El cliente que desee ejercer su derecho a desistir del contrato, lo tiene que notificar a trav\u00e9s de una declaraci\u00f3n inequ\u00edvoca. Podr\u00e1 hacerlo enviando un correo escrito en este sentido bajo el t\u00edtulo \u00abDesistimiento del contrato de alta on-line como cliente\u00bb a la Atenci\u00f3n al Cliente por correo electr\u00f3nico a <a href=\"mailto:comunicacio@cejoanmiro.cat\"><span class=\"s1\">comunicacio@cejoanmiro.cat<\/span><\/a> , indicando los datos identificativos del contrato y de los contratantes. Puede utilizar tambi\u00e9n el modelo de formulario de desistimiento que figura al final de esta cl\u00e1usula, aunque su uso no es obligatorio.<\/p>\n<p class=\"p1\">El desistimiento a la contrataci\u00f3n respetando lo establecido en las presentes condiciones no comportar\u00e1 ninguna penalizaci\u00f3n a cargo del cliente, si bien deber\u00e1 asumir el coste de los gastos en que haya incurrido por su cuenta.<\/p>\n<p class=\"p1\">No tendr\u00e1 derecho a desistir del contrato el Cliente que, dentro del periodo de los 14 d\u00edas otorgados, empezase a disfrutar de los servicios de CEM JOAN MIR\u00d3.<\/p>\n<h4 class=\"p1\">MODELO DE FORMULARIO DE COMUNICACION DE DESISTIMIENTO (SOLO DEBE CUMPLIMENTAR Y ENVIAR EL PRESENTE FORMULARIO SI DESEA DESISTIR DEL CONTRATO)<\/h4>\n<p class=\"p1\">Aviso: &#8211; Solo debe cumplimentar y enviar este formulario a comunicacio@cejoanmiro.cat si desea desistir del contrato.<\/p>\n<p class=\"p1\">A la atenci\u00f3n de CEM JOAN MIRO, en el que me di de alta como cliente a trav\u00e9s de la Contrataci\u00f3n On-line.<\/p>\n<p class=\"p1\"><strong>Yo,\u2026\u2026\u2026\u2026\u2026\u2026\u2026\u2026\u2026\u2026\u2026\u2026\u2026\u2026\u2026\u2026\u2026\u2026\u2026\u2026\u2026\u2026\u2026\u2026\u2026\u2026\u2026. , con D.N.I. n\u00famero \u2026\u2026\u2026\u2026\u2026\u2026\u2026\u2026. y domicilio en la ciudad de \u2026\u2026\u2026\u2026\u2026\u2026\u2026. , calle\u2026\u2026\u2026\u2026\u2026\u2026\u2026\u2026\u2026\u2026\u2026\u2026\u2026\u2026 , n\u00famero \u2026\u2026\u2026., piso \u2026, puerta \u2026\u2026 , por la presente les comunico que desisto de mi contrato de prestaci\u00f3n de servicios subscrito el d\u00eda \u2026..00\/00\/0000 , en virtud del cual me inscrib\u00ed como cliente del CEM JOAN MIRO indicado en el encabezamiento de este documento. Y para que conste, a los efectos oportunos, firmo el presente documento en el lugar y fecha indicados a continuaci\u00f3n.<\/strong><\/p>\n<p class=\"p1\"><strong>Ciudad:<span class=\"Apple-converted-space\"> <\/span>, a de de 20<\/strong><\/p>\n<p class=\"p1\"><strong>Firma:<\/strong><\/p>\n<h4 class=\"p1\">ADMISION COMO ABONADO<\/h4>\n<p class=\"p1\">ASOCIACI\u00d3 ESPORTIVA CENTRAL., sociedad gestora de CEM JOAN MIR\u00d3, se reserva el derecho de admisi\u00f3n en cuanto a la aceptaci\u00f3n de una solicitud de adhesi\u00f3n de un candidato a abonado a CEM JOAN MIR\u00d3. Una vez esta solicitud de adhesi\u00f3n es aceptada por CEM JOAN MIR\u00d3, empezar\u00e1 a ser vigente una vez satisfechos todos los pagos y requerimientos administrativos. En ese momento CEM JOAN MIR\u00d3 emitir\u00e1 la correspondiente pulsera individual e intransferible al Abonado, el cual le habilitar\u00e1 para disponer de todos los derechos y privilegios de la modalidad de cuota escogida. El acceso al complejo deportivo se realizar\u00e1 a trav\u00e9s del correspondiente carnet de abonado.<\/p>\n<p class=\"p1\">La aceptaci\u00f3n por parte de la empresa prestataria de servicios de CEM JOAN MIR\u00d3 de una petici\u00f3n de abonado se considerar\u00e1 un acuerdo contractual entre CEM JOAN MIR\u00d3, su director y el candidato, en los t\u00e9rminos, condiciones y reglamentos que se exponen a continuaci\u00f3n.<\/p>\n<p class=\"p1\">La adhesi\u00f3n al centro es personal e intransferible y esta no puede ser atribuida, transferida o utilizada de ninguna otra forma.<\/p>\n<h4 class=\"p1\">DELIMITACION DE RESPONSABILIDADES<\/h4>\n<p class=\"p1\">En consideraci\u00f3n al hecho que CEM JOAN MIR\u00d3 haya aceptado su solicitud de Abonado y por ella convertirse y mantenerse como a tal Abonado recuerda que:<\/p>\n<p class=\"p1\">Ni CEM JOAN MIR\u00d3, ni su Director, ni ninguno de sus empleados ser\u00e1n responsables de cualquier muerte o lesi\u00f3n que tenga lugar en las instalaciones y\/o equipamiento suministrado por el centro, a no ser que el motivo venga generado por un acto de negligencia (u omisi\u00f3n) de CEM JOAN MIR\u00d3, su Director o cualquier empleado del centro.<\/p>\n<h4 class=\"p1\">INSCRIPCI\u00d3N INICIAL Y CUOTAS DE ABONADO<\/h4>\n<p class=\"p1\">Todos los abonados pagar\u00e1n una inscripci\u00f3n inicial inmediatamente despu\u00e9s de que este haya sido aceptado. La adhesi\u00f3n deber\u00e1 mantenerse al corriente por tal de evitar el nuevo pago de la inscripci\u00f3n inicial.<\/p>\n<p class=\"p1\">Todos los abonados pagar\u00e1n el importe de la cuota mensual escogida independientemente del use que hagan de CEM JOAN MIR\u00d3 o de alteraci\u00f3n de circunstancias personales. Este importe mensual ser\u00e1 cargado en la cuenta bancaria facilitada por el usuario.<\/p>\n<p class=\"p1\">Cualquier alteraci\u00f3n de los importes de las cuotas ser\u00e1 convenientemente informada a los Abonados mediante su publicaci\u00f3n en la web y en los formularios de tarifas. El periodo ordinario de cambio ser\u00e1 en el primer mes del a\u00f1o, lo que no es \u00f3bice que se produzca en otro momento, pero siempre con 10 d\u00edas de antelaci\u00f3n. Estos aumentos vendr\u00e1n aprobados por el INSTITUT DE BARCELONA D\u2019ESPORTS de nuestra ciudad.<\/p>\n<p class=\"p1\">Los cambios de modalidad de cuota se actualizar\u00e1n autom\u00e1ticamente en vencer el periodo correspondiente.<\/p>\n<p class=\"p1\">Todos los cambios administrativos deber\u00e1n notificarse a la recepci\u00f3n del centro antes del d\u00eda 25 del mes correspondiente.<\/p>\n<h4 class=\"p1\">CANCELACIONES<\/h4>\n<p class=\"p1\">El Director podr\u00e1 cancelar la condici\u00f3n de Abonado en cualquiera de estos casos:<\/p>\n<p class=\"p1\">En el caso de que un Abonado viole gravemente o reiteradamente la normativa de use de CEM JOAN MIR\u00d3 sin previa notificaci\u00f3n, con efecto inmediato y sin derecho a reembolso.<\/p>\n<p class=\"p1\">En el caso de restar pendiente el pago de alguna cuota mensual, la cancelaci\u00f3n de la condici\u00f3n de abonado se har\u00eda efectiva 60 d\u00edas despu\u00e9s del vencimiento.<\/p>\n<h4 class=\"p1\">Cuota de mantenimiento:<\/h4>\n<p class=\"p1\">ASOCIACI\u00d3 ESPORTIVA CENTRAL permite que los pagos puedan interrumpirse temporalmente por motivo de accidente o enfermedad. El periodo m\u00ednimo de esta interrupci\u00f3n es de tres (2) meses y ser\u00e1 necesaria la presentaci\u00f3n del correspondiente certificado m\u00e9dico. Las peticiones deber\u00e1n realizarse con una antelaci\u00f3n m\u00ednima de 6 d\u00edas antes de la interrupci\u00f3n.<\/p>\n<h4 class=\"p1\">USO DE LAS INSTALACIONES DE CEM JOAN MIR\u00d3<\/h4>\n<p class=\"p1\">Es necesario conocer el cuadro de actividades y servicios que est\u00e1n incluidos en cada una de las modalidades de cuota diferentes. Hay actividades o servicios complementarios que no est\u00e1n incluidos en el pago de la cuota y, por tanto, se tendr\u00e1 acceso por medio de un pago adicional. Consulta el Departamento de Atenci\u00f3n al Usuario.<\/p>\n<h4 class=\"p1\">GENERAL<\/h4>\n<p class=\"p1\">En el caso de descubrir que el Abonado, candidato o de derecho, haya facilitado informaci\u00f3n fraudulenta o err\u00f3nea deliberadamente por tal de conseguir un beneficio o un ahorro, CEM JOAN MIR\u00d3 se reservara el derecho de obrar en consecuencia.<\/p>\n<p class=\"p1\">En caso de incumplimiento de las obligaciones econ\u00f3micas contra\u00eddas con CEM JOAN MIR\u00d3 en concepto de pago de las cuotas mensuales o cualquier otra obligaci\u00f3n de esta \u00edndole, CEM JOAN MIR\u00d3 se reserva el derecho de emprender las acciones oportunas para el restablecimiento de la deuda contra\u00edda ya sea por \u00e9l o por medio de terceros habilitados legalmente para ello.<\/p>\n<p class=\"p1\">El Abonado se responsabilizar\u00e1 de los pagos de sus cuotas a pesar de que CEM JOAN MIR\u00d3 pueda variar las condiciones, actividades, horarios o servicios ofertados.<\/p>\n<p class=\"p1\">El Reglamento, con su r\u00e9gimen sancionador y la de normativa de uso de CEM JOAN MIR\u00d3 est\u00e1 a disposici\u00f3n de todos los usuarios del complejo deportivo y es de obligado cumplimiento.<\/p>\n<p class=\"p1\">CEM JOAN MIR\u00d3 se reserva el derecho de variar, a\u00f1adir o cancelar cualquier servicio o actividad prestado dentro del Club.<\/p>\n<h4 class=\"p1\">HORARIOS DE USO<\/h4>\n<p class=\"p1\">Los horarios en los que se podr\u00e1 hacer uso de las instalaciones y servicios de CEM JOAN MIR\u00d3 est\u00e1n a disposici\u00f3n de los Abonados. Estos horarios de funcionamiento se podr\u00e1n modificar a criterio o necesidad del complejo deportivo, con o sin previo aviso al usuario. No obstante, esto, la Direcci\u00f3n de CEM JOAN MIR\u00d3 se compromete a informar debidamente sobre los posibles cambios que se vayan a ir introduciendo.<\/p>\n<p>[\/et_pb_text][\/et_pb_column][\/et_pb_row][\/et_pb_section]<\/p>\n","protected":false},"excerpt":{"rendered":"<p>Condiciones de contrataci\u00f3n, ventas y devoluciones de CEM Joan Miro Las presentes Condiciones Generales se establecen entre: Por una parte, la Sociedad ASOCIACI\u00d3 ESPORTIVA CENTRAL, gestora de CEM Joan Mir\u00f3, con domicilio fiscal en C\/ Diputaci\u00f3 17, 08015 &#8211; Barcelona, y CIF G62074950 (en adelante, CEM JOAN MIRO). Y, por otra parte, la persona f\u00edsica [&hellip;]<\/p>\n","protected":false},"author":2,"featured_media":0,"parent":0,"menu_order":0,"comment_status":"closed","ping_status":"open","template":"","meta":{"_et_pb_use_builder":"on","_et_pb_old_content":"","_et_gb_content_width":"","footnotes":""},"class_list":["post-12088","page","type-page","status-publish","hentry"],"yoast_head":"<!-- This site is optimized with the Yoast SEO plugin v25.2 - https:\/\/yoast.com\/wordpress\/plugins\/seo\/ -->\n<title>Pol\u00edtica de vendes - CEM Joan Mir\u00f3<\/title>\n<meta name=\"robots\" content=\"index, follow, max-snippet:-1, max-image-preview:large, max-video-preview:-1\" \/>\n<link rel=\"canonical\" href=\"https:\/\/www.cejoanmiro.cat\/es\/politica-de-ventas\/\" \/>\n<meta property=\"og:locale\" content=\"es_ES\" \/>\n<meta property=\"og:type\" content=\"article\" \/>\n<meta property=\"og:title\" content=\"Pol\u00edtica de vendes - CEM Joan Mir\u00f3\" \/>\n<meta property=\"og:description\" content=\"Condiciones de contrataci\u00f3n, ventas y devoluciones de CEM Joan Miro Las presentes Condiciones Generales se establecen entre: Por una parte, la Sociedad ASOCIACI\u00d3 ESPORTIVA CENTRAL, gestora de CEM Joan Mir\u00f3, con domicilio fiscal en C\/ Diputaci\u00f3 17, 08015 - Barcelona, y CIF G62074950 (en adelante, CEM JOAN MIRO). Y, por otra parte, la persona f\u00edsica [&hellip;]\" \/>\n<meta property=\"og:url\" content=\"https:\/\/www.cejoanmiro.cat\/es\/politica-de-ventas\/\" \/>\n<meta property=\"og:site_name\" content=\"CEM Joan Mir\u00f3\" \/>\n<meta property=\"article:publisher\" content=\"https:\/\/facebook.com\/cejoanmiro\" \/>\n<meta property=\"article:modified_time\" content=\"2021-09-16T19:36:25+00:00\" \/>\n<meta name=\"twitter:card\" content=\"summary_large_image\" \/>\n<meta name=\"twitter:site\" content=\"@cejoanmiro\" \/>\n<meta name=\"twitter:label1\" content=\"Tiempo de lectura\" \/>\n\t<meta name=\"twitter:data1\" content=\"12 minutos\" \/>\n<script type=\"application\/ld+json\" class=\"yoast-schema-graph\">{\"@context\":\"https:\/\/schema.org\",\"@graph\":[{\"@type\":\"WebPage\",\"@id\":\"https:\/\/www.cejoanmiro.cat\/es\/politica-de-ventas\/\",\"url\":\"https:\/\/www.cejoanmiro.cat\/es\/politica-de-ventas\/\",\"name\":\"Pol\u00edtica de vendes - CEM Joan Mir\u00f3\",\"isPartOf\":{\"@id\":\"https:\/\/www.cejoanmiro.cat\/es\/#website\"},\"datePublished\":\"2013-12-18T01:16:42+00:00\",\"dateModified\":\"2021-09-16T19:36:25+00:00\",\"breadcrumb\":{\"@id\":\"https:\/\/www.cejoanmiro.cat\/es\/politica-de-ventas\/#breadcrumb\"},\"inLanguage\":\"es\",\"potentialAction\":[{\"@type\":\"ReadAction\",\"target\":[\"https:\/\/www.cejoanmiro.cat\/es\/politica-de-ventas\/\"]}]},{\"@type\":\"BreadcrumbList\",\"@id\":\"https:\/\/www.cejoanmiro.cat\/es\/politica-de-ventas\/#breadcrumb\",\"itemListElement\":[{\"@type\":\"ListItem\",\"position\":1,\"name\":\"Inici\",\"item\":\"https:\/\/www.cejoanmiro.cat\/es\/home-3\/\"},{\"@type\":\"ListItem\",\"position\":2,\"name\":\"Pol\u00edtica de vendes\"}]},{\"@type\":\"WebSite\",\"@id\":\"https:\/\/www.cejoanmiro.cat\/es\/#website\",\"url\":\"https:\/\/www.cejoanmiro.cat\/es\/\",\"name\":\"CEM Joan Mir\u00f3\",\"description\":\"El teu gimn\u00e0s a Barcelona\",\"publisher\":{\"@id\":\"https:\/\/www.cejoanmiro.cat\/es\/#organization\"},\"potentialAction\":[{\"@type\":\"SearchAction\",\"target\":{\"@type\":\"EntryPoint\",\"urlTemplate\":\"https:\/\/www.cejoanmiro.cat\/es\/?s={search_term_string}\"},\"query-input\":{\"@type\":\"PropertyValueSpecification\",\"valueRequired\":true,\"valueName\":\"search_term_string\"}}],\"inLanguage\":\"es\"},{\"@type\":\"Organization\",\"@id\":\"https:\/\/www.cejoanmiro.cat\/es\/#organization\",\"name\":\"CEM Joan Mir\u00f3\",\"url\":\"https:\/\/www.cejoanmiro.cat\/es\/\",\"logo\":{\"@type\":\"ImageObject\",\"inLanguage\":\"es\",\"@id\":\"https:\/\/www.cejoanmiro.cat\/es\/#\/schema\/logo\/image\/\",\"url\":\"https:\/\/www.cejoanmiro.cat\/wp-content\/uploads\/2021\/09\/Icono_cemJoanMiro.png\",\"contentUrl\":\"https:\/\/www.cejoanmiro.cat\/wp-content\/uploads\/2021\/09\/Icono_cemJoanMiro.png\",\"width\":512,\"height\":512,\"caption\":\"CEM Joan Mir\u00f3\"},\"image\":{\"@id\":\"https:\/\/www.cejoanmiro.cat\/es\/#\/schema\/logo\/image\/\"},\"sameAs\":[\"https:\/\/facebook.com\/cejoanmiro\",\"https:\/\/x.com\/cejoanmiro\",\"https:\/\/www.instagram.com\/cemjoanmiro\/\"]}]}<\/script>\n<!-- \/ Yoast SEO plugin. -->","yoast_head_json":{"title":"Pol\u00edtica de vendes - CEM Joan Mir\u00f3","robots":{"index":"index","follow":"follow","max-snippet":"max-snippet:-1","max-image-preview":"max-image-preview:large","max-video-preview":"max-video-preview:-1"},"canonical":"https:\/\/www.cejoanmiro.cat\/es\/politica-de-ventas\/","og_locale":"es_ES","og_type":"article","og_title":"Pol\u00edtica de vendes - CEM Joan Mir\u00f3","og_description":"Condiciones de contrataci\u00f3n, ventas y devoluciones de CEM Joan Miro Las presentes Condiciones Generales se establecen entre: Por una parte, la Sociedad ASOCIACI\u00d3 ESPORTIVA CENTRAL, gestora de CEM Joan Mir\u00f3, con domicilio fiscal en C\/ Diputaci\u00f3 17, 08015 - Barcelona, y CIF G62074950 (en adelante, CEM JOAN MIRO). Y, por otra parte, la persona f\u00edsica [&hellip;]","og_url":"https:\/\/www.cejoanmiro.cat\/es\/politica-de-ventas\/","og_site_name":"CEM Joan Mir\u00f3","article_publisher":"https:\/\/facebook.com\/cejoanmiro","article_modified_time":"2021-09-16T19:36:25+00:00","twitter_card":"summary_large_image","twitter_site":"@cejoanmiro","twitter_misc":{"Tiempo de lectura":"12 minutos"},"schema":{"@context":"https:\/\/schema.org","@graph":[{"@type":"WebPage","@id":"https:\/\/www.cejoanmiro.cat\/es\/politica-de-ventas\/","url":"https:\/\/www.cejoanmiro.cat\/es\/politica-de-ventas\/","name":"Pol\u00edtica de vendes - CEM Joan Mir\u00f3","isPartOf":{"@id":"https:\/\/www.cejoanmiro.cat\/es\/#website"},"datePublished":"2013-12-18T01:16:42+00:00","dateModified":"2021-09-16T19:36:25+00:00","breadcrumb":{"@id":"https:\/\/www.cejoanmiro.cat\/es\/politica-de-ventas\/#breadcrumb"},"inLanguage":"es","potentialAction":[{"@type":"ReadAction","target":["https:\/\/www.cejoanmiro.cat\/es\/politica-de-ventas\/"]}]},{"@type":"BreadcrumbList","@id":"https:\/\/www.cejoanmiro.cat\/es\/politica-de-ventas\/#breadcrumb","itemListElement":[{"@type":"ListItem","position":1,"name":"Inici","item":"https:\/\/www.cejoanmiro.cat\/es\/home-3\/"},{"@type":"ListItem","position":2,"name":"Pol\u00edtica de vendes"}]},{"@type":"WebSite","@id":"https:\/\/www.cejoanmiro.cat\/es\/#website","url":"https:\/\/www.cejoanmiro.cat\/es\/","name":"CEM Joan Mir\u00f3","description":"El teu gimn\u00e0s a Barcelona","publisher":{"@id":"https:\/\/www.cejoanmiro.cat\/es\/#organization"},"potentialAction":[{"@type":"SearchAction","target":{"@type":"EntryPoint","urlTemplate":"https:\/\/www.cejoanmiro.cat\/es\/?s={search_term_string}"},"query-input":{"@type":"PropertyValueSpecification","valueRequired":true,"valueName":"search_term_string"}}],"inLanguage":"es"},{"@type":"Organization","@id":"https:\/\/www.cejoanmiro.cat\/es\/#organization","name":"CEM Joan Mir\u00f3","url":"https:\/\/www.cejoanmiro.cat\/es\/","logo":{"@type":"ImageObject","inLanguage":"es","@id":"https:\/\/www.cejoanmiro.cat\/es\/#\/schema\/logo\/image\/","url":"https:\/\/www.cejoanmiro.cat\/wp-content\/uploads\/2021\/09\/Icono_cemJoanMiro.png","contentUrl":"https:\/\/www.cejoanmiro.cat\/wp-content\/uploads\/2021\/09\/Icono_cemJoanMiro.png","width":512,"height":512,"caption":"CEM Joan Mir\u00f3"},"image":{"@id":"https:\/\/www.cejoanmiro.cat\/es\/#\/schema\/logo\/image\/"},"sameAs":["https:\/\/facebook.com\/cejoanmiro","https:\/\/x.com\/cejoanmiro","https:\/\/www.instagram.com\/cemjoanmiro\/"]}]}},"_links":{"self":[{"href":"https:\/\/www.cejoanmiro.cat\/es\/wp-json\/wp\/v2\/pages\/12088","targetHints":{"allow":["GET"]}}],"collection":[{"href":"https:\/\/www.cejoanmiro.cat\/es\/wp-json\/wp\/v2\/pages"}],"about":[{"href":"https:\/\/www.cejoanmiro.cat\/es\/wp-json\/wp\/v2\/types\/page"}],"author":[{"embeddable":true,"href":"https:\/\/www.cejoanmiro.cat\/es\/wp-json\/wp\/v2\/users\/2"}],"replies":[{"embeddable":true,"href":"https:\/\/www.cejoanmiro.cat\/es\/wp-json\/wp\/v2\/comments?post=12088"}],"version-history":[{"count":0,"href":"https:\/\/www.cejoanmiro.cat\/es\/wp-json\/wp\/v2\/pages\/12088\/revisions"}],"wp:attachment":[{"href":"https:\/\/www.cejoanmiro.cat\/es\/wp-json\/wp\/v2\/media?parent=12088"}],"curies":[{"name":"wp","href":"https:\/\/api.w.org\/{rel}","templated":true}]}}