{"id":12142,"date":"2013-12-18T02:14:36","date_gmt":"2013-12-18T01:14:36","guid":{"rendered":"https:\/\/www.cejoanmiro.cat\/politica-de-cookies\/"},"modified":"2021-09-16T21:34:17","modified_gmt":"2021-09-16T19:34:17","slug":"politica-de-cookies","status":"publish","type":"page","link":"https:\/\/www.cejoanmiro.cat\/es\/politica-de-cookies\/","title":{"rendered":"Pol\u00edtica de cookies"},"content":{"rendered":"<p>[et_pb_section fb_built=\u00bb1&#8243; _builder_version=\u00bb4.10.7&#8243; _module_preset=\u00bbdefault\u00bb background_color=\u00bb#000000&#8243; global_colors_info=\u00bb{}\u00bb][et_pb_row _builder_version=\u00bb4.10.7&#8243; _module_preset=\u00bbdefault\u00bb global_colors_info=\u00bb{}\u00bb][et_pb_column type=\u00bb4_4&#8243; _builder_version=\u00bb4.10.7&#8243; _module_preset=\u00bbdefault\u00bb global_colors_info=\u00bb{}\u00bb][et_pb_text _builder_version=\u00bb4.10.7&#8243; _module_preset=\u00bbdefault\u00bb ul_font_size=\u00bb13px\u00bb ul_line_height=\u00bb1.2em\u00bb header_font=\u00bbRoboto|900||on|||||\u00bb header_font_size=\u00bb40px\u00bb header_4_font=\u00bbRoboto|700||on|||||\u00bb header_4_text_color=\u00bb#009DE0&#8243; background_layout=\u00bbdark\u00bb global_colors_info=\u00bb{}\u00bb]<\/p>\n<h1>Av\u00eds legal<\/h1>\n<h4 class=\"p1\">\u00das de cookies<\/h4>\n<p class=\"p1\">L&#8217;acc\u00e9s a aquest lloc web pot implicar la utilitzaci\u00f3 de cookies. Les cookies s\u00f3n petites unitats d&#8217;informaci\u00f3 que s&#8217;emmagatzemen en el navegador utilitzat per cada usuari perqu\u00e8 el servidor recordi una certa informaci\u00f3, la qual cosa permetr\u00e0 l&#8217;acc\u00e9s m\u00e9s r\u00e0pid i millorar la seva navegaci\u00f3. Les cookies tenen, generalment, una durada limitada en el temps. Cap cookie permet que pugui contactar-se amb la seva adre\u00e7a de correu electr\u00f2nic o amb qualsevol altre mitj\u00e0 de contacte (actuen de manera an\u00f2nima).<\/p>\n<h4 class=\"p1\">Dades recollides autom\u00e1ticamente<\/h4>\n<p class=\"p1\">Quan visites el Lloc, recollim autom\u00e0ticament informaci\u00f3 sobre la teva visita a trav\u00e9s de \u201ccookies\u201d. Aix\u00f2 inclou, entre altres dades:<\/p>\n<ul>\n<li class=\"p3\">La teva adre\u00e7a IP<\/li>\n<li class=\"p3\">Les p\u00e0gines que visites i l\u2019ordre en qu\u00e8 ho fas<\/li>\n<li class=\"p3\">Durada de la visita<\/li>\n<li class=\"p3\">Lloc web o motor de cerca a trav\u00e9s del qual vas arribar<\/li>\n<li class=\"p3\">La paraula o paraules que has introdu\u00eft en el motor de cerca<\/li>\n<li class=\"p3\">El teu sistema operatiu, aix\u00ed com el teu tipus de navegador i la versi\u00f3<\/li>\n<li class=\"p3\">La teva resoluci\u00f3 de pantalla i el nombre de colors utilitzats pel dispositiu<\/li>\n<li class=\"p3\">Si el teu dispositiu \u00e9s compatible amb JavaScript i Flash<\/li>\n<\/ul>\n<p class=\"p1\">Aquestes dades s\u00f3n gestionades de manera an\u00f2nima. Aix\u00ed tractades no es consideren \u201cdades personals\u201d i s\u2019utilitzen amb finalitats estad\u00edstiques i de mesura (Google Analytics).<\/p>\n<h4 class=\"p1\">Aquesta web utilitza els seg\u00fcents tipus de cookies:<\/h4>\n<p class=\"p1\">En accedir al nostre Lloc, nosaltres, o alguna de les empreses que contractem per fer un seguiment de com s\u2019utilitza, pot col\u00b7locar fitxers de dades anomenats \u201ccookies\u201d en el dispositiu. Les cookies es poden utilitzar per seguir la teva activitat en el Lloc i aquesta informaci\u00f3 ens ajuda a entendre les teves prefer\u00e8ncies i millorar el teu \u00fas i la teva experi\u00e8ncia d\u2019usuari.<\/p>\n<p class=\"p1\">El Lloc utilitza cookies per guardar el registre de la sessi\u00f3 dins d\u2019un mateix navegador. Les cookies de sessi\u00f3 expiren despr\u00e9s de 30 dies. Les cookies persistents s\u00f3n utilitzats pel lloc de forma autom\u00e0tica per mantenir el registre d\u2019accessos si has acceptat la funcionalitat el \u201cmantenir connectat o no tancar sessi\u00f3\u201d. Les cookies persistents caduquen despr\u00e9s de 31 dies des de l\u2019\u00faltima visita al lloc.<\/p>\n<p class=\"p1\">Pots desactivar totes les cookies, en cas que prefereixi no tenir-les. Tamb\u00e9 pots configurar el teu equip perqu\u00e8 t\u2019avisi cada vegada que s\u2019utilitzin cookies. Per ambdues opcions has d\u2019ajustar la configuraci\u00f3 del teu navegador.<\/p>\n<p class=\"p1\">Pots tenir m\u00e9s informaci\u00f3 sobre la caducitat de les cookies de Google Analytics en aquest enlla\u00e7: <a href=\"https:\/\/developers.google.com\/analytics\/devguides\/collection\/gajs\/cookie-usage?hl=da\">Google Analytics<\/a><\/p>\n<p class=\"p5\">Si vol desactivar o gestionar les cookies de Google Analytics fes clic a aquest enlla\u00e7: <a href=\"https:\/\/support.google.com\/accounts\/answer\/61416?co=GENIE.Platform%253DDesktop&amp;hl=es\">\u201cdesactivar Google Analytics\u201d<\/a><\/p>\n<p class=\"p6\">Tamb\u00e9 pot optar a no ser rastrejats per Google Analytics a trav\u00e9s de tots els llocs web que visiti: <a href=\"https:\/\/tools.google.com\/dlpage\/gaoptout\"><span class=\"s1\">https:\/\/tools.google.com\/dlpage\/gaoptout<\/span><\/a><\/p>\n<p class=\"p6\">Per a obtenir m\u00e9s informaci\u00f3 sobre les cookies, incloent veure com funcionen les cookies i com gestionar i esborrar-les, visiti aboutcookies.org (web en angl\u00e8s).<\/p>\n<p class=\"p6\">Per a consultes sobre l&#8217;\u00fas de les cookies en les webs de CEM JOAN MIR\u00d3, pots posar-te en contacte amb nosaltres escrivint a <a href=\"mailto:info@cejoanmiro.cat\"><b>info@cejoanmiro.cat <\/b><\/a>i especificant \u201cCookies\u201d en la l\u00ednia d&#8217;Assumpte del teu correu electr\u00f2nic.<\/p>\n<p>[\/et_pb_text][\/et_pb_column][\/et_pb_row][\/et_pb_section]<\/p>\n","protected":false},"excerpt":{"rendered":"<p>Av\u00eds legal \u00das de cookies L&#8217;acc\u00e9s a aquest lloc web pot implicar la utilitzaci\u00f3 de cookies. Les cookies s\u00f3n petites unitats d&#8217;informaci\u00f3 que s&#8217;emmagatzemen en el navegador utilitzat per cada usuari perqu\u00e8 el servidor recordi una certa informaci\u00f3, la qual cosa permetr\u00e0 l&#8217;acc\u00e9s m\u00e9s r\u00e0pid i millorar la seva navegaci\u00f3. Les cookies tenen, generalment, una [&hellip;]<\/p>\n","protected":false},"author":2,"featured_media":0,"parent":0,"menu_order":0,"comment_status":"closed","ping_status":"open","template":"","meta":{"_et_pb_use_builder":"on","_et_pb_old_content":"","_et_gb_content_width":"","footnotes":""},"class_list":["post-12142","page","type-page","status-publish","hentry"],"yoast_head":"<!-- This site is optimized with the Yoast SEO plugin v25.2 - https:\/\/yoast.com\/wordpress\/plugins\/seo\/ -->\n<title>Pol\u00edtica de cookies - CEM Joan Mir\u00f3<\/title>\n<meta name=\"robots\" content=\"index, follow, max-snippet:-1, max-image-preview:large, max-video-preview:-1\" \/>\n<link rel=\"canonical\" href=\"https:\/\/www.cejoanmiro.cat\/es\/politica-de-cookies\/\" \/>\n<meta property=\"og:locale\" content=\"es_ES\" \/>\n<meta property=\"og:type\" content=\"article\" \/>\n<meta property=\"og:title\" content=\"Pol\u00edtica de cookies - CEM Joan Mir\u00f3\" \/>\n<meta property=\"og:description\" content=\"Av\u00eds legal \u00das de cookies L&#039;acc\u00e9s a aquest lloc web pot implicar la utilitzaci\u00f3 de cookies. Les cookies s\u00f3n petites unitats d&#039;informaci\u00f3 que s&#039;emmagatzemen en el navegador utilitzat per cada usuari perqu\u00e8 el servidor recordi una certa informaci\u00f3, la qual cosa permetr\u00e0 l&#039;acc\u00e9s m\u00e9s r\u00e0pid i millorar la seva navegaci\u00f3. Les cookies tenen, generalment, una [&hellip;]\" \/>\n<meta property=\"og:url\" content=\"https:\/\/www.cejoanmiro.cat\/es\/politica-de-cookies\/\" \/>\n<meta property=\"og:site_name\" content=\"CEM Joan Mir\u00f3\" \/>\n<meta property=\"article:publisher\" content=\"https:\/\/facebook.com\/cejoanmiro\" \/>\n<meta property=\"article:modified_time\" content=\"2021-09-16T19:34:17+00:00\" \/>\n<meta name=\"twitter:card\" content=\"summary_large_image\" \/>\n<meta name=\"twitter:site\" content=\"@cejoanmiro\" \/>\n<meta name=\"twitter:label1\" content=\"Tiempo de lectura\" \/>\n\t<meta name=\"twitter:data1\" content=\"3 minutos\" \/>\n<script type=\"application\/ld+json\" class=\"yoast-schema-graph\">{\"@context\":\"https:\/\/schema.org\",\"@graph\":[{\"@type\":\"WebPage\",\"@id\":\"https:\/\/www.cejoanmiro.cat\/es\/politica-de-cookies\/\",\"url\":\"https:\/\/www.cejoanmiro.cat\/es\/politica-de-cookies\/\",\"name\":\"Pol\u00edtica de cookies - CEM Joan Mir\u00f3\",\"isPartOf\":{\"@id\":\"https:\/\/www.cejoanmiro.cat\/es\/#website\"},\"datePublished\":\"2013-12-18T01:14:36+00:00\",\"dateModified\":\"2021-09-16T19:34:17+00:00\",\"breadcrumb\":{\"@id\":\"https:\/\/www.cejoanmiro.cat\/es\/politica-de-cookies\/#breadcrumb\"},\"inLanguage\":\"es\",\"potentialAction\":[{\"@type\":\"ReadAction\",\"target\":[\"https:\/\/www.cejoanmiro.cat\/es\/politica-de-cookies\/\"]}]},{\"@type\":\"BreadcrumbList\",\"@id\":\"https:\/\/www.cejoanmiro.cat\/es\/politica-de-cookies\/#breadcrumb\",\"itemListElement\":[{\"@type\":\"ListItem\",\"position\":1,\"name\":\"Inici\",\"item\":\"https:\/\/www.cejoanmiro.cat\/es\/home-3\/\"},{\"@type\":\"ListItem\",\"position\":2,\"name\":\"Pol\u00edtica de cookies\"}]},{\"@type\":\"WebSite\",\"@id\":\"https:\/\/www.cejoanmiro.cat\/es\/#website\",\"url\":\"https:\/\/www.cejoanmiro.cat\/es\/\",\"name\":\"CEM Joan Mir\u00f3\",\"description\":\"El teu gimn\u00e0s a Barcelona\",\"publisher\":{\"@id\":\"https:\/\/www.cejoanmiro.cat\/es\/#organization\"},\"potentialAction\":[{\"@type\":\"SearchAction\",\"target\":{\"@type\":\"EntryPoint\",\"urlTemplate\":\"https:\/\/www.cejoanmiro.cat\/es\/?s={search_term_string}\"},\"query-input\":{\"@type\":\"PropertyValueSpecification\",\"valueRequired\":true,\"valueName\":\"search_term_string\"}}],\"inLanguage\":\"es\"},{\"@type\":\"Organization\",\"@id\":\"https:\/\/www.cejoanmiro.cat\/es\/#organization\",\"name\":\"CEM Joan Mir\u00f3\",\"url\":\"https:\/\/www.cejoanmiro.cat\/es\/\",\"logo\":{\"@type\":\"ImageObject\",\"inLanguage\":\"es\",\"@id\":\"https:\/\/www.cejoanmiro.cat\/es\/#\/schema\/logo\/image\/\",\"url\":\"https:\/\/www.cejoanmiro.cat\/wp-content\/uploads\/2021\/09\/Icono_cemJoanMiro.png\",\"contentUrl\":\"https:\/\/www.cejoanmiro.cat\/wp-content\/uploads\/2021\/09\/Icono_cemJoanMiro.png\",\"width\":512,\"height\":512,\"caption\":\"CEM Joan Mir\u00f3\"},\"image\":{\"@id\":\"https:\/\/www.cejoanmiro.cat\/es\/#\/schema\/logo\/image\/\"},\"sameAs\":[\"https:\/\/facebook.com\/cejoanmiro\",\"https:\/\/x.com\/cejoanmiro\",\"https:\/\/www.instagram.com\/cemjoanmiro\/\"]}]}<\/script>\n<!-- \/ Yoast SEO plugin. -->","yoast_head_json":{"title":"Pol\u00edtica de cookies - CEM Joan Mir\u00f3","robots":{"index":"index","follow":"follow","max-snippet":"max-snippet:-1","max-image-preview":"max-image-preview:large","max-video-preview":"max-video-preview:-1"},"canonical":"https:\/\/www.cejoanmiro.cat\/es\/politica-de-cookies\/","og_locale":"es_ES","og_type":"article","og_title":"Pol\u00edtica de cookies - CEM Joan Mir\u00f3","og_description":"Av\u00eds legal \u00das de cookies L'acc\u00e9s a aquest lloc web pot implicar la utilitzaci\u00f3 de cookies. Les cookies s\u00f3n petites unitats d'informaci\u00f3 que s'emmagatzemen en el navegador utilitzat per cada usuari perqu\u00e8 el servidor recordi una certa informaci\u00f3, la qual cosa permetr\u00e0 l'acc\u00e9s m\u00e9s r\u00e0pid i millorar la seva navegaci\u00f3. Les cookies tenen, generalment, una [&hellip;]","og_url":"https:\/\/www.cejoanmiro.cat\/es\/politica-de-cookies\/","og_site_name":"CEM Joan Mir\u00f3","article_publisher":"https:\/\/facebook.com\/cejoanmiro","article_modified_time":"2021-09-16T19:34:17+00:00","twitter_card":"summary_large_image","twitter_site":"@cejoanmiro","twitter_misc":{"Tiempo de lectura":"3 minutos"},"schema":{"@context":"https:\/\/schema.org","@graph":[{"@type":"WebPage","@id":"https:\/\/www.cejoanmiro.cat\/es\/politica-de-cookies\/","url":"https:\/\/www.cejoanmiro.cat\/es\/politica-de-cookies\/","name":"Pol\u00edtica de cookies - CEM Joan Mir\u00f3","isPartOf":{"@id":"https:\/\/www.cejoanmiro.cat\/es\/#website"},"datePublished":"2013-12-18T01:14:36+00:00","dateModified":"2021-09-16T19:34:17+00:00","breadcrumb":{"@id":"https:\/\/www.cejoanmiro.cat\/es\/politica-de-cookies\/#breadcrumb"},"inLanguage":"es","potentialAction":[{"@type":"ReadAction","target":["https:\/\/www.cejoanmiro.cat\/es\/politica-de-cookies\/"]}]},{"@type":"BreadcrumbList","@id":"https:\/\/www.cejoanmiro.cat\/es\/politica-de-cookies\/#breadcrumb","itemListElement":[{"@type":"ListItem","position":1,"name":"Inici","item":"https:\/\/www.cejoanmiro.cat\/es\/home-3\/"},{"@type":"ListItem","position":2,"name":"Pol\u00edtica de cookies"}]},{"@type":"WebSite","@id":"https:\/\/www.cejoanmiro.cat\/es\/#website","url":"https:\/\/www.cejoanmiro.cat\/es\/","name":"CEM Joan Mir\u00f3","description":"El teu gimn\u00e0s a Barcelona","publisher":{"@id":"https:\/\/www.cejoanmiro.cat\/es\/#organization"},"potentialAction":[{"@type":"SearchAction","target":{"@type":"EntryPoint","urlTemplate":"https:\/\/www.cejoanmiro.cat\/es\/?s={search_term_string}"},"query-input":{"@type":"PropertyValueSpecification","valueRequired":true,"valueName":"search_term_string"}}],"inLanguage":"es"},{"@type":"Organization","@id":"https:\/\/www.cejoanmiro.cat\/es\/#organization","name":"CEM Joan Mir\u00f3","url":"https:\/\/www.cejoanmiro.cat\/es\/","logo":{"@type":"ImageObject","inLanguage":"es","@id":"https:\/\/www.cejoanmiro.cat\/es\/#\/schema\/logo\/image\/","url":"https:\/\/www.cejoanmiro.cat\/wp-content\/uploads\/2021\/09\/Icono_cemJoanMiro.png","contentUrl":"https:\/\/www.cejoanmiro.cat\/wp-content\/uploads\/2021\/09\/Icono_cemJoanMiro.png","width":512,"height":512,"caption":"CEM Joan Mir\u00f3"},"image":{"@id":"https:\/\/www.cejoanmiro.cat\/es\/#\/schema\/logo\/image\/"},"sameAs":["https:\/\/facebook.com\/cejoanmiro","https:\/\/x.com\/cejoanmiro","https:\/\/www.instagram.com\/cemjoanmiro\/"]}]}},"_links":{"self":[{"href":"https:\/\/www.cejoanmiro.cat\/es\/wp-json\/wp\/v2\/pages\/12142","targetHints":{"allow":["GET"]}}],"collection":[{"href":"https:\/\/www.cejoanmiro.cat\/es\/wp-json\/wp\/v2\/pages"}],"about":[{"href":"https:\/\/www.cejoanmiro.cat\/es\/wp-json\/wp\/v2\/types\/page"}],"author":[{"embeddable":true,"href":"https:\/\/www.cejoanmiro.cat\/es\/wp-json\/wp\/v2\/users\/2"}],"replies":[{"embeddable":true,"href":"https:\/\/www.cejoanmiro.cat\/es\/wp-json\/wp\/v2\/comments?post=12142"}],"version-history":[{"count":0,"href":"https:\/\/www.cejoanmiro.cat\/es\/wp-json\/wp\/v2\/pages\/12142\/revisions"}],"wp:attachment":[{"href":"https:\/\/www.cejoanmiro.cat\/es\/wp-json\/wp\/v2\/media?parent=12142"}],"curies":[{"name":"wp","href":"https:\/\/api.w.org\/{rel}","templated":true}]}}