{"id":18796,"date":"2025-08-29T17:07:52","date_gmt":"2025-08-29T15:07:52","guid":{"rendered":"https:\/\/www.cejoanmiro.cat\/aqua\/"},"modified":"2025-09-01T12:14:25","modified_gmt":"2025-09-01T10:14:25","slug":"aqua","status":"publish","type":"page","link":"https:\/\/www.cejoanmiro.cat\/es\/comunidades\/aqua\/","title":{"rendered":"Aqua"},"content":{"rendered":"<p>[et_pb_section fb_built=\u00bb1&#8243; fullwidth=\u00bbon\u00bb _builder_version=\u00bb4.27.4&#8243; _module_preset=\u00bbdefault\u00bb da_disable_devices=\u00bboff|off|off\u00bb global_colors_info=\u00bb{}\u00bb da_is_popup=\u00bboff\u00bb da_exit_intent=\u00bboff\u00bb da_has_close=\u00bbon\u00bb da_alt_close=\u00bboff\u00bb da_dark_close=\u00bboff\u00bb da_not_modal=\u00bbon\u00bb da_is_singular=\u00bboff\u00bb da_with_loader=\u00bboff\u00bb da_has_shadow=\u00bbon\u00bb][et_pb_fullwidth_header title=\u00bbAqua\u00bb subhead=\u00bbLa comunidad que entrena en la piscina\u00bb text_orientation=\u00bbcenter\u00bb header_fullscreen=\u00bbon\u00bb header_scroll_down=\u00bbon\u00bb scroll_down_icon_color=\u00bb#FFFFFF\u00bb scroll_down_icon_size=\u00bb34px\u00bb _builder_version=\u00bb4.27.4&#8243; _module_preset=\u00bbdefault\u00bb title_font=\u00bbUrbanist|700||on|||||\u00bb title_text_align=\u00bbcenter\u00bb title_font_size=\u00bb11em\u00bb content_font=\u00bbUrbanist||||||||\u00bb content_font_size=\u00bb22px\u00bb content_line_height=\u00bb1.3em\u00bb subhead_font=\u00bbUrbanist|700||on|||||\u00bb subhead_font_size=\u00bb33px\u00bb subhead_line_height=\u00bb1.5em\u00bb background_color=\u00bbrgba(0,0,0,0.43)\u00bb background_image=\u00bbhttps:\/\/www.cejoanmiro.cat\/wp-content\/uploads\/2025\/08\/fondo_aqua2.webp\u00bb background_blend=\u00bboverlay\u00bb hover_enabled=\u00bb0&#8243; title_font_size_tablet=\u00bb11em\u00bb title_font_size_phone=\u00bb63px\u00bb title_font_size_last_edited=\u00bbon|phone\u00bb content_font_size_tablet=\u00bb22px\u00bb content_font_size_phone=\u00bb16px\u00bb content_font_size_last_edited=\u00bbon|phone\u00bb subhead_font_size_tablet=\u00bb37px\u00bb subhead_font_size_phone=\u00bb20px\u00bb subhead_font_size_last_edited=\u00bbon|phone\u00bb subhead_line_height_tablet=\u00bb1.1em\u00bb subhead_line_height_phone=\u00bb1.3em\u00bb subhead_line_height_last_edited=\u00bbon|phone\u00bb background_last_edited=\u00bbon|phone\u00bb background_image_phone=\u00bbhttps:\/\/www.cejoanmiro.cat\/wp-content\/uploads\/2025\/09\/fondo_aqua2_mobil.webp\u00bb background_enable_image_phone=\u00bbon\u00bb background_size_phone=\u00bbcover\u00bb title_text_shadow_style=\u00bbpreset2&#8243; content_text_shadow_style=\u00bbpreset2&#8243; content_text_shadow_color=\u00bbrgba(0,0,0,0.87)\u00bb subhead_text_shadow_style=\u00bbpreset2&#8243; global_colors_info=\u00bb{}\u00bb sticky_enabled=\u00bb0&#8243;]<\/p>\n<p>Movimiento con m\u00ednimo impacto, pero efectos m\u00e1ximos. Fluidez, resistencia i potencia dentro de un entrono seguro y refrescante.  <\/p>\n<p>[\/et_pb_fullwidth_header][\/et_pb_section][et_pb_section fb_built=\u00bb1&#8243; _builder_version=\u00bb4.27.4&#8243; _module_preset=\u00bbdefault\u00bb background_color=\u00bb#61bfb8&#8243; custom_padding=\u00bb5px||5px||false|false\u00bb da_disable_devices=\u00bboff|off|off\u00bb global_colors_info=\u00bb{}\u00bb da_is_popup=\u00bboff\u00bb da_exit_intent=\u00bboff\u00bb da_has_close=\u00bbon\u00bb da_alt_close=\u00bboff\u00bb da_dark_close=\u00bboff\u00bb da_not_modal=\u00bbon\u00bb da_is_singular=\u00bboff\u00bb da_with_loader=\u00bboff\u00bb da_has_shadow=\u00bbon\u00bb][et_pb_row _builder_version=\u00bb4.27.4&#8243; _module_preset=\u00bbdefault\u00bb custom_padding=\u00bb0px||0px||false|false\u00bb global_colors_info=\u00bb{}\u00bb][et_pb_column type=\u00bb4_4&#8243; _builder_version=\u00bb4.27.4&#8243; _module_preset=\u00bbdefault\u00bb global_colors_info=\u00bb{}\u00bb][\/et_pb_column][\/et_pb_row][\/et_pb_section][et_pb_section fb_built=\u00bb1&#8243; _builder_version=\u00bb4.27.4&#8243; _module_preset=\u00bbdefault\u00bb background_color=\u00bb#000000&#8243; da_disable_devices=\u00bboff|off|off\u00bb global_colors_info=\u00bb{}\u00bb da_is_popup=\u00bboff\u00bb da_exit_intent=\u00bboff\u00bb da_has_close=\u00bbon\u00bb da_alt_close=\u00bboff\u00bb da_dark_close=\u00bboff\u00bb da_not_modal=\u00bbon\u00bb da_is_singular=\u00bboff\u00bb da_with_loader=\u00bboff\u00bb da_has_shadow=\u00bbon\u00bb][et_pb_row column_structure=\u00bb1_3,1_3,1_3&#8243; use_custom_gutter=\u00bbon\u00bb gutter_width=\u00bb2&#8243; _builder_version=\u00bb4.27.4&#8243; _module_preset=\u00bbdefault\u00bb global_colors_info=\u00bb{}\u00bb][et_pb_column type=\u00bb1_3&#8243; _builder_version=\u00bb4.27.4&#8243; _module_preset=\u00bbdefault\u00bb global_colors_info=\u00bb{}\u00bb][et_pb_toggle title=\u00bbAquacross\u00bb open_toggle_background_color=\u00bb#000000&#8243; closed_toggle_background_color=\u00bb#000000&#8243; icon_color=\u00bb#FFFFFF\u00bb _builder_version=\u00bb4.27.4&#8243; _module_preset=\u00bbdefault\u00bb title_text_color=\u00bb#FFFFFF\u00bb title_level=\u00bbh3&#8243; title_font=\u00bbUrbanist|700||on|||||\u00bb title_text_align=\u00bbleft\u00bb title_font_size=\u00bb18px\u00bb title_line_height=\u00bb1.1em\u00bb body_font=\u00bbUrbanist||||||||\u00bb body_text_align=\u00bbleft\u00bb body_text_color=\u00bb#FFFFFF\u00bb body_font_size=\u00bb16px\u00bb background_enable_color=\u00bboff\u00bb custom_margin=\u00bb||10px||false|false\u00bb custom_padding=\u00bb10px||10px||true|false\u00bb custom_css_free_form=\u00bbimg{||  margin-top:10px;||}\u00bb global_colors_info=\u00bb{}\u00bb]<\/p>\n<p><strong>Fuerza y resistencia, pero dentro del agua.<\/strong><\/p>\n<p>Trabajo funcional que te desaf\u00eda en cada repetici\u00f3n gracias a la resistencia acu\u00e1tica. Mas intenso de lo que puede parecer, y super seguro.  <\/p>\n<p>Si quieres subir de nivel, hazlo en remojo!<\/p>\n<p><img decoding=\"async\" class=\"wp-image-18529 size-full aligncenter\" src=\"https:\/\/www.cejoanmiro.cat\/wp-content\/uploads\/2025\/08\/Aqua_Aquacross.webp\" alt=\"\" width=\"80%\" height=\"\"><\/p>\n<p>[\/et_pb_toggle][et_pb_toggle title=\u00bbAquagym\u00bb open_toggle_background_color=\u00bb#000000&#8243; closed_toggle_background_color=\u00bb#000000&#8243; icon_color=\u00bb#FFFFFF\u00bb _builder_version=\u00bb4.27.4&#8243; _module_preset=\u00bbdefault\u00bb title_text_color=\u00bb#FFFFFF\u00bb title_level=\u00bbh3&#8243; title_font=\u00bbUrbanist|700||on|||||\u00bb title_text_align=\u00bbleft\u00bb title_font_size=\u00bb18px\u00bb title_line_height=\u00bb1.1em\u00bb body_font=\u00bbUrbanist||||||||\u00bb body_text_align=\u00bbleft\u00bb body_text_color=\u00bb#FFFFFF\u00bb body_font_size=\u00bb16px\u00bb background_enable_color=\u00bboff\u00bb custom_margin=\u00bb||10px||false|false\u00bb custom_padding=\u00bb10px||10px||true|false\u00bb custom_css_free_form=\u00bbimg{||  margin-top:10px;||}\u00bb global_colors_info=\u00bb{}\u00bb]<\/p>\n<p><strong>Mu\u00e9vete en el agua con ritmo y suavidad.<\/strong><\/p>\n<p>Ejercicios aer\u00f3bicos y tonificaci\u00f3n dentro del agua con impacto m\u00ednimo en tus articulaciones.<\/p>\n<p>Refrescante, seguro i muy efectivo.<\/p>\n<p><img decoding=\"async\" class=\"wp-image-18529 size-full aligncenter\" src=\"https:\/\/www.cejoanmiro.cat\/wp-content\/uploads\/2025\/08\/Aqua_Aquagym.webp\" alt=\"\" width=\"80%\" height=\"\"><\/p>\n<p>[\/et_pb_toggle][et_pb_toggle title=\u00bbAquaplay\u00bb open_toggle_background_color=\u00bb#000000&#8243; closed_toggle_background_color=\u00bb#000000&#8243; icon_color=\u00bb#FFFFFF\u00bb _builder_version=\u00bb4.27.4&#8243; _module_preset=\u00bbdefault\u00bb title_text_color=\u00bb#FFFFFF\u00bb title_level=\u00bbh3&#8243; title_font=\u00bbUrbanist|700||on|||||\u00bb title_text_align=\u00bbleft\u00bb title_font_size=\u00bb18px\u00bb title_line_height=\u00bb1.1em\u00bb body_font=\u00bbUrbanist||||||||\u00bb body_text_align=\u00bbleft\u00bb body_text_color=\u00bb#FFFFFF\u00bb body_font_size=\u00bb16px\u00bb background_enable_color=\u00bboff\u00bb custom_margin=\u00bb||10px||false|false\u00bb custom_padding=\u00bb10px||10px||true|false\u00bb custom_css_free_form=\u00bbimg{||  margin-top:10px;||}\u00bb global_colors_info=\u00bb{}\u00bb]<\/p>\n<p><strong>Juega, baila, mu\u00e9vete. Esta sesi\u00f3n acu\u00e1tica es diversi\u00f3n pura en movimiento. <\/strong><\/p>\n<p>Ideal para desconectar, re\u00edr y activarte sin darte cuenta.<\/p>\n<p>El entrenamiento m\u00e1s alegre del club&#8230; y el m\u00e1s fresco. <\/p>\n<p><img decoding=\"async\" class=\"wp-image-18529 size-full aligncenter\" src=\"https:\/\/www.cejoanmiro.cat\/wp-content\/uploads\/2025\/08\/Aqua_Aquaplay.webp\" alt=\"\" width=\"80%\" height=\"\"><\/p>\n<p>[\/et_pb_toggle][et_pb_toggle title=\u00bbAquastrong\u00bb open_toggle_background_color=\u00bb#000000&#8243; closed_toggle_background_color=\u00bb#000000&#8243; icon_color=\u00bb#FFFFFF\u00bb _builder_version=\u00bb4.27.4&#8243; _module_preset=\u00bbdefault\u00bb title_text_color=\u00bb#FFFFFF\u00bb title_level=\u00bbh3&#8243; title_font=\u00bbUrbanist|700||on|||||\u00bb title_text_align=\u00bbleft\u00bb title_font_size=\u00bb18px\u00bb title_line_height=\u00bb1.1em\u00bb body_font=\u00bbUrbanist||||||||\u00bb body_text_align=\u00bbleft\u00bb body_text_color=\u00bb#FFFFFF\u00bb body_font_size=\u00bb16px\u00bb background_enable_color=\u00bboff\u00bb custom_margin=\u00bb||10px||false|false\u00bb custom_padding=\u00bb10px||10px||true|false\u00bb custom_css_free_form=\u00bbimg{||  margin-top:10px;||}\u00bb global_colors_info=\u00bb{}\u00bb]<\/p>\n<p><strong>EL agua tambi\u00e9n puede ser fuerte.<\/strong><\/p>\n<p>La evoluci\u00f3n del aquagym con m\u00e1s intensidad, m\u00e1s desaf\u00edo y m\u00e1s fuerza. Inspirada en las sesiones STRONG de tierra, ahora tambi\u00e9n en el medio acu\u00e1tico. <\/p>\n<p>Porque hacerlo suave est\u00e1 bien, pero subir el volumen es mejor.<\/p>\n<p><img decoding=\"async\" class=\"wp-image-18529 size-full aligncenter\" src=\"https:\/\/www.cejoanmiro.cat\/wp-content\/uploads\/2025\/08\/Aqua_Aquastrong.webp\" alt=\"\" width=\"80%\" height=\"\"><\/p>\n<p>[\/et_pb_toggle][\/et_pb_column][et_pb_column type=\u00bb1_3&#8243; _builder_version=\u00bb4.27.4&#8243; _module_preset=\u00bbdefault\u00bb global_colors_info=\u00bb{}\u00bb][et_pb_toggle title=\u00bbAquazumba\u00bb open_toggle_background_color=\u00bb#000000&#8243; closed_toggle_background_color=\u00bb#000000&#8243; icon_color=\u00bb#FFFFFF\u00bb _builder_version=\u00bb4.27.4&#8243; _module_preset=\u00bbdefault\u00bb title_text_color=\u00bb#FFFFFF\u00bb title_level=\u00bbh3&#8243; title_font=\u00bbUrbanist|700||on|||||\u00bb title_text_align=\u00bbleft\u00bb title_font_size=\u00bb18px\u00bb title_line_height=\u00bb1.1em\u00bb body_font=\u00bbUrbanist||||||||\u00bb body_text_align=\u00bbleft\u00bb body_text_color=\u00bb#FFFFFF\u00bb body_font_size=\u00bb16px\u00bb background_enable_color=\u00bboff\u00bb custom_margin=\u00bb||10px||false|false\u00bb custom_padding=\u00bb10px||10px||true|false\u00bb custom_css_free_form=\u00bbimg{||  margin-top:10px;||}\u00bb global_colors_info=\u00bb{}\u00bb]Sesi\u00f3n acu\u00e1tica que combina movimientos divertidos y en\u00e9rgicos del Zumba con la resistencia natural del agua. Bailar\u00e1s, tonificar\u00e1s y quemar\u00e1s calor\u00edas sin impacto en las articulaciones.  <\/p>\n<p>Una experiencia refrescante y alegre para moverte con ritmo y buena energ\u00eda.<\/p>\n<p><img decoding=\"async\" class=\"wp-image-18529 size-full aligncenter\" src=\"https:\/\/www.cejoanmiro.cat\/wp-content\/uploads\/2025\/08\/Aqua_Aquazumba.webp\" alt=\"\" width=\"80%\" height=\"\">[\/et_pb_toggle][et_pb_toggle title=\u00bbPoolbike\u00bb open_toggle_background_color=\u00bb#000000&#8243; closed_toggle_background_color=\u00bb#000000&#8243; icon_color=\u00bb#FFFFFF\u00bb _builder_version=\u00bb4.27.4&#8243; _module_preset=\u00bbdefault\u00bb title_text_color=\u00bb#FFFFFF\u00bb title_level=\u00bbh3&#8243; title_font=\u00bbUrbanist|700||on|||||\u00bb title_text_align=\u00bbleft\u00bb title_font_size=\u00bb18px\u00bb title_line_height=\u00bb1.1em\u00bb body_font=\u00bbUrbanist||||||||\u00bb body_text_align=\u00bbleft\u00bb body_text_color=\u00bb#FFFFFF\u00bb body_font_size=\u00bb16px\u00bb background_enable_color=\u00bboff\u00bb custom_margin=\u00bb||10px||false|false\u00bb custom_padding=\u00bb10px||10px||true|false\u00bb custom_css_free_form=\u00bbimg{||  margin-top:10px;||}\u00bb global_colors_info=\u00bb{}\u00bb]<\/p>\n<p><strong>Pedalea dentro del agua y tonifica sin impacto. <\/strong><\/p>\n<p>Sesi\u00f3n acu\u00e1tica sobre la bici est\u00e1tica que combina cardio y tonificaci\u00f3n cuidando las articulaciones. <\/p>\n<p>Todos los beneficios del cycling en formato acu\u00e1tico. <\/p>\n<p><img decoding=\"async\" class=\"wp-image-18529 size-full aligncenter\" src=\"https:\/\/www.cejoanmiro.cat\/wp-content\/uploads\/2025\/08\/Aqua_Poolbike.webp\" alt=\"\" width=\"80%\" height=\"\"><\/p>\n<p>[\/et_pb_toggle][et_pb_toggle title=\u00bbSwim Club\u00bb open_toggle_background_color=\u00bb#000000&#8243; closed_toggle_background_color=\u00bb#000000&#8243; icon_color=\u00bb#FFFFFF\u00bb _builder_version=\u00bb4.27.4&#8243; _module_preset=\u00bbdefault\u00bb title_text_color=\u00bb#FFFFFF\u00bb title_level=\u00bbh3&#8243; title_font=\u00bbUrbanist|700||on|||||\u00bb title_text_align=\u00bbleft\u00bb title_font_size=\u00bb18px\u00bb title_line_height=\u00bb1.1em\u00bb body_font=\u00bbUrbanist||||||||\u00bb body_text_align=\u00bbleft\u00bb body_text_color=\u00bb#FFFFFF\u00bb body_font_size=\u00bb16px\u00bb background_enable_color=\u00bboff\u00bb custom_margin=\u00bb||10px||false|false\u00bb custom_padding=\u00bb10px||10px||true|false\u00bb custom_css_free_form=\u00bbimg{||  margin-top:10px;||}\u00bb global_colors_info=\u00bb{}\u00bb]<\/p>\n<p><strong>No solo nadar: entrenar.<\/strong><\/p>\n<p>Sesiones guiadas de nataci\u00f3n con objetivos, t\u00e9cnica y variedad de estilos para mejorar rendimiento y resistencia dentro del agua.<\/p>\n<p>El agua tambi\u00e9n es un reto.<\/p>\n<p><img decoding=\"async\" class=\"wp-image-18529 size-full aligncenter\" src=\"https:\/\/www.cejoanmiro.cat\/wp-content\/uploads\/2025\/08\/Aqua_Swim_clb.webp\" alt=\"\" width=\"80%\" height=\"\"><\/p>\n<p>[\/et_pb_toggle][\/et_pb_column][et_pb_column type=\u00bb1_3&#8243; _builder_version=\u00bb4.27.4&#8243; _module_preset=\u00bbdefault\u00bb global_colors_info=\u00bb{}\u00bb][\/et_pb_column][\/et_pb_row][et_pb_row _builder_version=\u00bb4.27.4&#8243; _module_preset=\u00bbdefault\u00bb global_module=\u00bb18714&#8243; saved_tabs=\u00bball\u00bb global_colors_info=\u00bb{}\u00bb][et_pb_column type=\u00bb4_4&#8243; _builder_version=\u00bb4.27.4&#8243; _module_preset=\u00bbdefault\u00bb global_colors_info=\u00bb{}\u00bb][et_pb_text _builder_version=\u00bb4.27.4&#8243; _module_preset=\u00bbdefault\u00bb link_font=\u00bb|700|||||||\u00bb link_text_color=\u00bb#FFFFFF\u00bb background_layout=\u00bbdark\u00bb global_colors_info=\u00bb{}\u00bb]Comunitats:<br \/><a href=\"https:\/\/www.cejoanmiro.cat\/es\/comunidades\/team\/\">TEAM<\/a> | <a href=\"https:\/\/www.cejoanmiro.cat\/es\/comunidades\/stage\/\">STAGE<\/a> | <a href=\"https:\/\/www.cejoanmiro.cat\/es\/comunidades\/mind\/\">MIND<\/a> | <a href=\"https:\/\/www.cejoanmiro.cat\/es\/comunidades\/aqua\/\">AQUA<\/a> | <a href=\"https:\/\/www.cejoanmiro.cat\/es\/comunidades\/senior\/\">SENIOR<\/a>[\/et_pb_text][\/et_pb_column][\/et_pb_row][\/et_pb_section]<\/p>\n","protected":false},"excerpt":{"rendered":"<p>Movimiento con m\u00ednimo impacto, pero efectos m\u00e1ximos. Fluidez, resistencia i potencia dentro de un entrono seguro y refrescante. Fuerza y resistencia, pero dentro del agua. Trabajo funcional que te desaf\u00eda en cada repetici\u00f3n gracias a la resistencia acu\u00e1tica. Mas intenso de lo que puede parecer, y super seguro. Si quieres subir de nivel, hazlo en [&hellip;]<\/p>\n","protected":false},"author":7,"featured_media":18724,"parent":18799,"menu_order":0,"comment_status":"closed","ping_status":"closed","template":"","meta":{"_et_pb_use_builder":"on","_et_pb_old_content":"","_et_gb_content_width":"","footnotes":""},"class_list":["post-18796","page","type-page","status-publish","has-post-thumbnail","hentry"],"yoast_head":"<!-- This site is optimized with the Yoast SEO plugin v25.2 - https:\/\/yoast.com\/wordpress\/plugins\/seo\/ -->\n<title>Aqua - CEM Joan Mir\u00f3<\/title>\n<meta name=\"robots\" content=\"index, follow, max-snippet:-1, max-image-preview:large, max-video-preview:-1\" \/>\n<link rel=\"canonical\" href=\"https:\/\/www.cejoanmiro.cat\/es\/comunidades\/aqua\/\" \/>\n<meta property=\"og:locale\" content=\"es_ES\" \/>\n<meta property=\"og:type\" content=\"article\" \/>\n<meta property=\"og:title\" content=\"Aqua - CEM Joan Mir\u00f3\" \/>\n<meta property=\"og:description\" content=\"Movimiento con m\u00ednimo impacto, pero efectos m\u00e1ximos. Fluidez, resistencia i potencia dentro de un entrono seguro y refrescante. Fuerza y resistencia, pero dentro del agua. Trabajo funcional que te desaf\u00eda en cada repetici\u00f3n gracias a la resistencia acu\u00e1tica. Mas intenso de lo que puede parecer, y super seguro. Si quieres subir de nivel, hazlo en [&hellip;]\" \/>\n<meta property=\"og:url\" content=\"https:\/\/www.cejoanmiro.cat\/es\/comunidades\/aqua\/\" \/>\n<meta property=\"og:site_name\" content=\"CEM Joan Mir\u00f3\" \/>\n<meta property=\"article:publisher\" content=\"https:\/\/facebook.com\/cejoanmiro\" \/>\n<meta property=\"article:modified_time\" content=\"2025-09-01T10:14:25+00:00\" \/>\n<meta property=\"og:image\" content=\"https:\/\/www.cejoanmiro.cat\/wp-content\/uploads\/2025\/08\/fondo_aqua2.webp\" \/>\n\t<meta property=\"og:image:width\" content=\"1920\" \/>\n\t<meta property=\"og:image:height\" content=\"1280\" \/>\n\t<meta property=\"og:image:type\" content=\"image\/webp\" \/>\n<meta name=\"twitter:card\" content=\"summary_large_image\" \/>\n<meta name=\"twitter:site\" content=\"@cejoanmiro\" \/>\n<meta name=\"twitter:label1\" content=\"Tiempo de lectura\" \/>\n\t<meta name=\"twitter:data1\" content=\"7 minutos\" \/>\n<script type=\"application\/ld+json\" class=\"yoast-schema-graph\">{\"@context\":\"https:\/\/schema.org\",\"@graph\":[{\"@type\":\"WebPage\",\"@id\":\"https:\/\/www.cejoanmiro.cat\/es\/comunidades\/aqua\/\",\"url\":\"https:\/\/www.cejoanmiro.cat\/es\/comunidades\/aqua\/\",\"name\":\"Aqua - CEM Joan Mir\u00f3\",\"isPartOf\":{\"@id\":\"https:\/\/www.cejoanmiro.cat\/es\/#website\"},\"primaryImageOfPage\":{\"@id\":\"https:\/\/www.cejoanmiro.cat\/es\/comunidades\/aqua\/#primaryimage\"},\"image\":{\"@id\":\"https:\/\/www.cejoanmiro.cat\/es\/comunidades\/aqua\/#primaryimage\"},\"thumbnailUrl\":\"https:\/\/www.cejoanmiro.cat\/wp-content\/uploads\/2025\/08\/fondo_aqua2.webp\",\"datePublished\":\"2025-08-29T15:07:52+00:00\",\"dateModified\":\"2025-09-01T10:14:25+00:00\",\"breadcrumb\":{\"@id\":\"https:\/\/www.cejoanmiro.cat\/es\/comunidades\/aqua\/#breadcrumb\"},\"inLanguage\":\"es\",\"potentialAction\":[{\"@type\":\"ReadAction\",\"target\":[\"https:\/\/www.cejoanmiro.cat\/es\/comunidades\/aqua\/\"]}]},{\"@type\":\"ImageObject\",\"inLanguage\":\"es\",\"@id\":\"https:\/\/www.cejoanmiro.cat\/es\/comunidades\/aqua\/#primaryimage\",\"url\":\"https:\/\/www.cejoanmiro.cat\/wp-content\/uploads\/2025\/08\/fondo_aqua2.webp\",\"contentUrl\":\"https:\/\/www.cejoanmiro.cat\/wp-content\/uploads\/2025\/08\/fondo_aqua2.webp\",\"width\":1920,\"height\":1280},{\"@type\":\"BreadcrumbList\",\"@id\":\"https:\/\/www.cejoanmiro.cat\/es\/comunidades\/aqua\/#breadcrumb\",\"itemListElement\":[{\"@type\":\"ListItem\",\"position\":1,\"name\":\"Inici\",\"item\":\"https:\/\/www.cejoanmiro.cat\/es\/home-3\/\"},{\"@type\":\"ListItem\",\"position\":2,\"name\":\"Comunidades\",\"item\":\"https:\/\/www.cejoanmiro.cat\/es\/comunidades\/\"},{\"@type\":\"ListItem\",\"position\":3,\"name\":\"Aqua\"}]},{\"@type\":\"WebSite\",\"@id\":\"https:\/\/www.cejoanmiro.cat\/es\/#website\",\"url\":\"https:\/\/www.cejoanmiro.cat\/es\/\",\"name\":\"CEM Joan Mir\u00f3\",\"description\":\"El teu gimn\u00e0s a Barcelona\",\"publisher\":{\"@id\":\"https:\/\/www.cejoanmiro.cat\/es\/#organization\"},\"potentialAction\":[{\"@type\":\"SearchAction\",\"target\":{\"@type\":\"EntryPoint\",\"urlTemplate\":\"https:\/\/www.cejoanmiro.cat\/es\/?s={search_term_string}\"},\"query-input\":{\"@type\":\"PropertyValueSpecification\",\"valueRequired\":true,\"valueName\":\"search_term_string\"}}],\"inLanguage\":\"es\"},{\"@type\":\"Organization\",\"@id\":\"https:\/\/www.cejoanmiro.cat\/es\/#organization\",\"name\":\"CEM Joan Mir\u00f3\",\"url\":\"https:\/\/www.cejoanmiro.cat\/es\/\",\"logo\":{\"@type\":\"ImageObject\",\"inLanguage\":\"es\",\"@id\":\"https:\/\/www.cejoanmiro.cat\/es\/#\/schema\/logo\/image\/\",\"url\":\"https:\/\/www.cejoanmiro.cat\/wp-content\/uploads\/2021\/09\/Icono_cemJoanMiro.png\",\"contentUrl\":\"https:\/\/www.cejoanmiro.cat\/wp-content\/uploads\/2021\/09\/Icono_cemJoanMiro.png\",\"width\":512,\"height\":512,\"caption\":\"CEM Joan Mir\u00f3\"},\"image\":{\"@id\":\"https:\/\/www.cejoanmiro.cat\/es\/#\/schema\/logo\/image\/\"},\"sameAs\":[\"https:\/\/facebook.com\/cejoanmiro\",\"https:\/\/x.com\/cejoanmiro\",\"https:\/\/www.instagram.com\/cemjoanmiro\/\"]}]}<\/script>\n<!-- \/ Yoast SEO plugin. -->","yoast_head_json":{"title":"Aqua - CEM Joan Mir\u00f3","robots":{"index":"index","follow":"follow","max-snippet":"max-snippet:-1","max-image-preview":"max-image-preview:large","max-video-preview":"max-video-preview:-1"},"canonical":"https:\/\/www.cejoanmiro.cat\/es\/comunidades\/aqua\/","og_locale":"es_ES","og_type":"article","og_title":"Aqua - CEM Joan Mir\u00f3","og_description":"Movimiento con m\u00ednimo impacto, pero efectos m\u00e1ximos. Fluidez, resistencia i potencia dentro de un entrono seguro y refrescante. Fuerza y resistencia, pero dentro del agua. Trabajo funcional que te desaf\u00eda en cada repetici\u00f3n gracias a la resistencia acu\u00e1tica. Mas intenso de lo que puede parecer, y super seguro. Si quieres subir de nivel, hazlo en [&hellip;]","og_url":"https:\/\/www.cejoanmiro.cat\/es\/comunidades\/aqua\/","og_site_name":"CEM Joan Mir\u00f3","article_publisher":"https:\/\/facebook.com\/cejoanmiro","article_modified_time":"2025-09-01T10:14:25+00:00","og_image":[{"width":1920,"height":1280,"url":"https:\/\/www.cejoanmiro.cat\/wp-content\/uploads\/2025\/08\/fondo_aqua2.webp","type":"image\/webp"}],"twitter_card":"summary_large_image","twitter_site":"@cejoanmiro","twitter_misc":{"Tiempo de lectura":"7 minutos"},"schema":{"@context":"https:\/\/schema.org","@graph":[{"@type":"WebPage","@id":"https:\/\/www.cejoanmiro.cat\/es\/comunidades\/aqua\/","url":"https:\/\/www.cejoanmiro.cat\/es\/comunidades\/aqua\/","name":"Aqua - CEM Joan Mir\u00f3","isPartOf":{"@id":"https:\/\/www.cejoanmiro.cat\/es\/#website"},"primaryImageOfPage":{"@id":"https:\/\/www.cejoanmiro.cat\/es\/comunidades\/aqua\/#primaryimage"},"image":{"@id":"https:\/\/www.cejoanmiro.cat\/es\/comunidades\/aqua\/#primaryimage"},"thumbnailUrl":"https:\/\/www.cejoanmiro.cat\/wp-content\/uploads\/2025\/08\/fondo_aqua2.webp","datePublished":"2025-08-29T15:07:52+00:00","dateModified":"2025-09-01T10:14:25+00:00","breadcrumb":{"@id":"https:\/\/www.cejoanmiro.cat\/es\/comunidades\/aqua\/#breadcrumb"},"inLanguage":"es","potentialAction":[{"@type":"ReadAction","target":["https:\/\/www.cejoanmiro.cat\/es\/comunidades\/aqua\/"]}]},{"@type":"ImageObject","inLanguage":"es","@id":"https:\/\/www.cejoanmiro.cat\/es\/comunidades\/aqua\/#primaryimage","url":"https:\/\/www.cejoanmiro.cat\/wp-content\/uploads\/2025\/08\/fondo_aqua2.webp","contentUrl":"https:\/\/www.cejoanmiro.cat\/wp-content\/uploads\/2025\/08\/fondo_aqua2.webp","width":1920,"height":1280},{"@type":"BreadcrumbList","@id":"https:\/\/www.cejoanmiro.cat\/es\/comunidades\/aqua\/#breadcrumb","itemListElement":[{"@type":"ListItem","position":1,"name":"Inici","item":"https:\/\/www.cejoanmiro.cat\/es\/home-3\/"},{"@type":"ListItem","position":2,"name":"Comunidades","item":"https:\/\/www.cejoanmiro.cat\/es\/comunidades\/"},{"@type":"ListItem","position":3,"name":"Aqua"}]},{"@type":"WebSite","@id":"https:\/\/www.cejoanmiro.cat\/es\/#website","url":"https:\/\/www.cejoanmiro.cat\/es\/","name":"CEM Joan Mir\u00f3","description":"El teu gimn\u00e0s a Barcelona","publisher":{"@id":"https:\/\/www.cejoanmiro.cat\/es\/#organization"},"potentialAction":[{"@type":"SearchAction","target":{"@type":"EntryPoint","urlTemplate":"https:\/\/www.cejoanmiro.cat\/es\/?s={search_term_string}"},"query-input":{"@type":"PropertyValueSpecification","valueRequired":true,"valueName":"search_term_string"}}],"inLanguage":"es"},{"@type":"Organization","@id":"https:\/\/www.cejoanmiro.cat\/es\/#organization","name":"CEM Joan Mir\u00f3","url":"https:\/\/www.cejoanmiro.cat\/es\/","logo":{"@type":"ImageObject","inLanguage":"es","@id":"https:\/\/www.cejoanmiro.cat\/es\/#\/schema\/logo\/image\/","url":"https:\/\/www.cejoanmiro.cat\/wp-content\/uploads\/2021\/09\/Icono_cemJoanMiro.png","contentUrl":"https:\/\/www.cejoanmiro.cat\/wp-content\/uploads\/2021\/09\/Icono_cemJoanMiro.png","width":512,"height":512,"caption":"CEM Joan Mir\u00f3"},"image":{"@id":"https:\/\/www.cejoanmiro.cat\/es\/#\/schema\/logo\/image\/"},"sameAs":["https:\/\/facebook.com\/cejoanmiro","https:\/\/x.com\/cejoanmiro","https:\/\/www.instagram.com\/cemjoanmiro\/"]}]}},"_links":{"self":[{"href":"https:\/\/www.cejoanmiro.cat\/es\/wp-json\/wp\/v2\/pages\/18796","targetHints":{"allow":["GET"]}}],"collection":[{"href":"https:\/\/www.cejoanmiro.cat\/es\/wp-json\/wp\/v2\/pages"}],"about":[{"href":"https:\/\/www.cejoanmiro.cat\/es\/wp-json\/wp\/v2\/types\/page"}],"author":[{"embeddable":true,"href":"https:\/\/www.cejoanmiro.cat\/es\/wp-json\/wp\/v2\/users\/7"}],"replies":[{"embeddable":true,"href":"https:\/\/www.cejoanmiro.cat\/es\/wp-json\/wp\/v2\/comments?post=18796"}],"version-history":[{"count":0,"href":"https:\/\/www.cejoanmiro.cat\/es\/wp-json\/wp\/v2\/pages\/18796\/revisions"}],"up":[{"embeddable":true,"href":"https:\/\/www.cejoanmiro.cat\/es\/wp-json\/wp\/v2\/pages\/18799"}],"wp:featuredmedia":[{"embeddable":true,"href":"https:\/\/www.cejoanmiro.cat\/es\/wp-json\/wp\/v2\/media\/18724"}],"wp:attachment":[{"href":"https:\/\/www.cejoanmiro.cat\/es\/wp-json\/wp\/v2\/media?parent=18796"}],"curies":[{"name":"wp","href":"https:\/\/api.w.org\/{rel}","templated":true}]}}